{"id":407,"date":"2019-08-28T12:26:44","date_gmt":"2019-08-28T10:26:44","guid":{"rendered":"https:\/\/demosites.io\/shop-bb\/?page_id=6"},"modified":"2026-02-14T14:36:04","modified_gmt":"2026-02-14T13:36:04","slug":"home","status":"publish","type":"page","link":"https:\/\/stachelbart-verlag.de\/","title":{"rendered":"Home"},"content":{"rendered":"\n\n\t<p><strong>Herzlich willkommen beim Stachelbart-Verlag!<\/strong><\/p>\n<h6>Hier gibt es Kinderb\u00fccher zu entdecken, die nicht in jeder Buchhandlung stehen. B\u00fccher mit Titeln wie <a href=\"https:\/\/stachelbart-verlag.de\/produkt\/holm-schneider-warum-vampire-nicht-gern-rennen\/\">\u201eWarum Vampire nicht gern rennen&#8220;<\/a> oder <a href=\"https:\/\/stachelbart-verlag.de\/produkt\/wie-mama-mit-der-nase-sieht\/\">\u201eWie Mama mit der Nase sieht&#8220;<\/a>, in denen viel mehr steckt als nur gute Unterhaltung: erstaunliche Geschichten aus dem wahren Leben, zwischen Buchdeckeln eingefangen, weil sie weiterhelfen k\u00f6nnen auf dem eigenen Weg.<\/h6>\n<p>Keine B\u00fccher f\u00fcrs Regal also, sondern B\u00fccher, die viele Kinder nicht mehr weglegen, wenn sie einmal aufgeschlagen sind &#8230;<\/p>\n<hr \/>\n<h6><strong>Neuerscheinung<br \/>\n<\/strong><\/h6>\n<p><strong> <img data-recalc-dims=\"1\" loading=\"lazy\" decoding=\"async\" src=\"https:\/\/i0.wp.com\/stachelbart-verlag.de\/wp-content\/uploads\/2022\/12\/Cover-978-3-945648117.jpg?resize=158%2C224&#038;ssl=1\" alt=\"\" width=\"158\" height=\"224\" \/><\/strong><\/p>\n<p><em>Mit Ole unterwegs zu sein, ist nichts f\u00fcr schreckhafte Lehrerinnen. Wer ihn begleitet, auf den warten Abenteuer &#8211; manchmal ohne Rettung in Sicht. W\u00e4re da nicht Mathes, Oles bester Freund, der meistens das Richtige tut, seine nachdenkliche, tapfere Freundin Anne und Oles Vater, dem nat\u00fcrlich immer etwas einf\u00e4llt. Und wenn auch sie keine L\u00f6sung wissen, dann vielleicht Herr Ottmeier aus der Werkstatt f\u00fcr zu kurze Beine &#8230;<\/em><\/p>\n<p>Erz\u00e4hlt wird von einem Jungen mit angeborenem Handicap, das dank einer Prothese im Alltag kaum eine Rolle spielt. Dennoch muss Ole Herausforderungen meistern, die anderen Kindern erspart bleiben. Worauf es ankommt, wenn kurze Arme oder Beine das Leben nicht behindern sollen, davon handelt dieses Kinderbuch.<\/p>\n<p><a href=\"https:\/\/stachelbart-verlag.de\/produkt\/holm-schneider-samuel-wiedmann-ole-und-die-werkstatt-fuer-zu-kurze-beine\/\">\u201eOle und die Werkstatt f\u00fcr zu kurze Beine&#8220;<\/a> von Holm Schneider und Samuel Wiedmann ist f\u00fcr Kinder von 6-8 Jahren gedacht, und enth\u00e4lt neben der Abenteuergeschichte eine Fotoserie, die den Realit\u00e4tsbezug verdeutlicht.<\/p>\n<hr \/>\n<h6><strong>Kinderbuchlesung<br \/>\n<\/strong><\/h6>\n<h6>\u201eWie Mama mit der Nase sieht&#8220; von Peter Guckes, gelesen von Silja Korn<\/h6>\n<p>Am 8. Dezember 2025 fand in der <a href=\"https:\/\/www.berlin.de\/stadtbibliothek-friedrichshain-kreuzberg\/bibliotheken\/mittelpunktbibliothek-wilhelm-liebknecht-namik-kemal\/veranstaltungen-projekte\/kinderbuchlesung-wie-mama-mit-der-nase-sieht-von-peter-guckes-gelesen-von-silja-korn-1610518.php\">Mittelpunktbibliothek Wilhelm Liebknecht \/ Namik Kemal<\/a> in Berlin eine Lesung des Buches <a href=\"https:\/\/stachelbart-verlag.de\/produkt\/wie-mama-mit-der-nase-sieht\/?v=7d0db380a5b9\">\u201eWie Mama mit der Nase sieht&#8220;<\/a> statt. Die Veranstaltung geh\u00f6rte zum w\u00f6chentlichen Bilderbuchkino in der Kinderbibliothek.<\/p>\n<p>Vielen Dank auch an die Stadtb\u00fccherei Kiel, die bei einer Veranstaltung unter dem Motto \u201eWie lesen eigentlich blinde Menschen?&#8220; anl\u00e4sslich der Erfindung der Braille-Schrift vor 200 Jahren ebenso unser Buch <a href=\"https:\/\/stachelbart-verlag.de\/produkt\/wie-mama-mit-der-nase-sieht\/?v=7d0db380a5b9\">\u201eWie Mama mit der Nase sieht&#8220;<\/a> von Peter Guckes als Bilderbuchkino vorstellte.<\/p>\n<p><img data-recalc-dims=\"1\" loading=\"lazy\" decoding=\"async\" src=\"https:\/\/i0.wp.com\/stachelbart-verlag.de\/wp-content\/uploads\/2025\/11\/Bilderbuchkino_Wie-Mama-mit-der-Nase-sieht-1.jpg?resize=500%2C506&#038;ssl=1\" alt=\"\" width=\"500\" height=\"506\" \/>Foto: Stadtb\u00fccherei Kiel<\/p>\n<hr \/>\n<p>&nbsp;<\/p>\n\t\t\t<a  href=\"https:\/\/stachelbart-verlag.de\/5489b-shop\/\" target=\"_self\" role=\"button\">\n\t\t\t\t\t\tJetzt online st\u00f6bern\n\t\t<\/a>\n\n","protected":false},"excerpt":{"rendered":"<p>Herzlich willkommen beim Stachelbart-Verlag! Hier gibt es Kinderb\u00fccher zu entdecken, die nicht in jeder Buchhandlung stehen. B\u00fccher mit Titeln wie \u201eWarum Vampire nicht gern rennen&#8220; oder \u201eWie Mama mit der Nase sieht&#8220;, in denen viel mehr steckt als nur gute Unterhaltung: erstaunliche Geschichten aus dem wahren Leben, zwischen Buchdeckeln eingefangen, weil sie weiterhelfen k\u00f6nnen auf&hellip;&nbsp;<a href=\"https:\/\/stachelbart-verlag.de\/\" rel=\"bookmark\">Weiterlesen &raquo;<span class=\"screen-reader-text\">Home<\/span><\/a><\/p>\n","protected":false},"author":1,"featured_media":0,"parent":0,"menu_order":0,"comment_status":"closed","ping_status":"closed","template":"page-templates\/template-pagebuilder-full-width.php","meta":{"neve_meta_sidebar":"","neve_meta_container":"","neve_meta_enable_content_width":"","neve_meta_content_width":70,"neve_meta_title_alignment":"","neve_meta_author_avatar":"","neve_post_elements_order":"","neve_meta_disable_header":"","neve_meta_disable_footer":"","neve_meta_disable_title":"","footnotes":""},"class_list":["post-407","page","type-page","status-publish","hentry"],"jetpack_sharing_enabled":true,"_links":{"self":[{"href":"https:\/\/stachelbart-verlag.de\/index.php?rest_route=\/wp\/v2\/pages\/407","targetHints":{"allow":["GET"]}}],"collection":[{"href":"https:\/\/stachelbart-verlag.de\/index.php?rest_route=\/wp\/v2\/pages"}],"about":[{"href":"https:\/\/stachelbart-verlag.de\/index.php?rest_route=\/wp\/v2\/types\/page"}],"author":[{"embeddable":true,"href":"https:\/\/stachelbart-verlag.de\/index.php?rest_route=\/wp\/v2\/users\/1"}],"replies":[{"embeddable":true,"href":"https:\/\/stachelbart-verlag.de\/index.php?rest_route=%2Fwp%2Fv2%2Fcomments&post=407"}],"version-history":[{"count":11,"href":"https:\/\/stachelbart-verlag.de\/index.php?rest_route=\/wp\/v2\/pages\/407\/revisions"}],"predecessor-version":[{"id":1521,"href":"https:\/\/stachelbart-verlag.de\/index.php?rest_route=\/wp\/v2\/pages\/407\/revisions\/1521"}],"wp:attachment":[{"href":"https:\/\/stachelbart-verlag.de\/index.php?rest_route=%2Fwp%2Fv2%2Fmedia&parent=407"}],"curies":[{"name":"wp","href":"https:\/\/api.w.org\/{rel}","templated":true}]}}