{"id":453,"date":"2021-08-05T13:56:15","date_gmt":"2021-08-05T11:56:15","guid":{"rendered":"https:\/\/stachelbart-verlag.de\/?page_id=453"},"modified":"2024-03-28T16:06:10","modified_gmt":"2024-03-28T15:06:10","slug":"ueber-uns","status":"publish","type":"page","link":"https:\/\/stachelbart-verlag.de\/?page_id=453","title":{"rendered":"\u00dcber uns"},"content":{"rendered":"\n\n\t<h1><strong>\u00dcber uns<br \/>\n<\/strong><\/h1>\n\t<p>Der <strong>Stachelbart-Verlag<\/strong> ist ein unabh\u00e4ngiger familiengef\u00fchrter Kinderbuchverlag mit einem au\u00dfergew\u00f6hnlichen Programm.<\/p>\nUnsere B\u00fccher erz\u00e4hlen vom wirklichen Leben. Dabei greifen sie Themen auf, \u00fcber die man mit Kindern nur selten spricht:<br \/>\ndie Achtung vor jedem Lebewesen, den Sinn von Langeweile oder unerf\u00fcllten W\u00fcnschen &#8211; und warum genaues Hinsehen sich lohnt. Krankheit und Behinderung geh\u00f6ren dazu, ebenso wie Glaube und Hoffnung. Die Helden unserer B\u00fccher sind meistens Menschen, die es wirklich gibt oder gab. Sie haben zusammen mit anderen echte Abenteuer erlebt &#8211; so fesselnd, dass Kinder nachts mit der Taschenlampe unter der Bettdecke weiterlesen. Der Stachelbart-Verlag ist Mitglied der <a href=\"https:\/\/www.veb-medien.de\/\">Vereinigung Evangelischer Buchh\u00e4ndler und Verleger (VEB)<\/a> und Partner des <a href=\"https:\/\/blueplanetcertificate.com\/klimapartner\/cert175\/\">Naturefund Blue Planet Certificates<\/a>.\n<p>Warum investieren wir heute noch Zeit, Energie und Geld in neue B\u00fccher? Das l\u00e4sst sich kurz fassen: Wir wollen nachhaltig <strong>Lieblingsb\u00fccher<\/strong> produzieren &#8211; keine austauschbare Massenware.<\/p>\n<p><strong>PS:<\/strong> Wir haben uns bem\u00fcht, alle Informationen auf unserer Website barrierefrei zug\u00e4nglich zu machen. Sollten Sie auf Barrieren sto\u00dfen, die Ihnen die Nutzung der Website erschweren, bitten wir Sie, uns dies per E-Mail an <a href=\"mailto:info@stachelbart-verlag.de\">info@stachelbart-verlag.de<\/a> mitzuteilen.<\/p>\n\t\t\t\t<img data-recalc-dims=\"1\" decoding=\"async\" src=\"https:\/\/i0.wp.com\/stachelbart-verlag.de\/wp-content\/plugins\/beaver-builder-lite-version\/img\/pixel.png?w=1200&#038;ssl=1\" alt=\"\" itemprop=\"image\" onerror=\"this.style.display='none'\"  \/>\n\t<p><img data-recalc-dims=\"1\" loading=\"lazy\" decoding=\"async\" src=\"https:\/\/i0.wp.com\/stachelbart-verlag.de\/wp-content\/uploads\/2021\/08\/Buecher-die-Kinder-nicht-mehr-weglegen-2.jpg?resize=320%2C257&#038;ssl=1\" alt=\"Zwei der j\u00fcngsten Besucher unseres Messestandes auf der Frankfurter Buchmesse beim St\u00f6bern.\" width=\"320\" height=\"257\" \/><\/p>\n\n","protected":false},"excerpt":{"rendered":"<p>\u00dcber uns Der Stachelbart-Verlag ist ein unabh\u00e4ngiger familiengef\u00fchrter Kinderbuchverlag mit einem au\u00dfergew\u00f6hnlichen Programm. Unsere B\u00fccher erz\u00e4hlen vom wirklichen Leben. Dabei greifen sie Themen auf, \u00fcber die man mit Kindern nur selten spricht: die Achtung vor jedem Lebewesen, den Sinn von Langeweile oder unerf\u00fcllten W\u00fcnschen &#8211; und warum genaues Hinsehen sich lohnt. Krankheit und Behinderung geh\u00f6ren&hellip;&nbsp;<a href=\"https:\/\/stachelbart-verlag.de\/?page_id=453\" rel=\"bookmark\">Weiterlesen &raquo;<span class=\"screen-reader-text\">\u00dcber uns<\/span><\/a><\/p>\n","protected":false},"author":1,"featured_media":0,"parent":0,"menu_order":0,"comment_status":"closed","ping_status":"closed","template":"page-templates\/template-pagebuilder-full-width.php","meta":{"neve_meta_sidebar":"","neve_meta_container":"","neve_meta_enable_content_width":"","neve_meta_content_width":70,"neve_meta_title_alignment":"","neve_meta_author_avatar":"","neve_post_elements_order":"","neve_meta_disable_header":"","neve_meta_disable_footer":"","neve_meta_disable_title":"","footnotes":""},"class_list":["post-453","page","type-page","status-publish","hentry"],"jetpack_sharing_enabled":true,"_links":{"self":[{"href":"https:\/\/stachelbart-verlag.de\/index.php?rest_route=\/wp\/v2\/pages\/453","targetHints":{"allow":["GET"]}}],"collection":[{"href":"https:\/\/stachelbart-verlag.de\/index.php?rest_route=\/wp\/v2\/pages"}],"about":[{"href":"https:\/\/stachelbart-verlag.de\/index.php?rest_route=\/wp\/v2\/types\/page"}],"author":[{"embeddable":true,"href":"https:\/\/stachelbart-verlag.de\/index.php?rest_route=\/wp\/v2\/users\/1"}],"replies":[{"embeddable":true,"href":"https:\/\/stachelbart-verlag.de\/index.php?rest_route=%2Fwp%2Fv2%2Fcomments&post=453"}],"version-history":[{"count":4,"href":"https:\/\/stachelbart-verlag.de\/index.php?rest_route=\/wp\/v2\/pages\/453\/revisions"}],"predecessor-version":[{"id":1401,"href":"https:\/\/stachelbart-verlag.de\/index.php?rest_route=\/wp\/v2\/pages\/453\/revisions\/1401"}],"wp:attachment":[{"href":"https:\/\/stachelbart-verlag.de\/index.php?rest_route=%2Fwp%2Fv2%2Fmedia&parent=453"}],"curies":[{"name":"wp","href":"https:\/\/api.w.org\/{rel}","templated":true}]}}