{"id":502,"date":"2021-08-02T19:59:50","date_gmt":"2021-08-02T17:59:50","guid":{"rendered":"https:\/\/stachelbart-verlag.de\/?page_id=502"},"modified":"2025-11-15T07:14:04","modified_gmt":"2025-11-15T06:14:04","slug":"autoren","status":"publish","type":"page","link":"https:\/\/stachelbart-verlag.de\/?page_id=502","title":{"rendered":"Autoren"},"content":{"rendered":"\n\n\t\t\t\t<figure>\n\t\t\t\t<img data-recalc-dims=\"1\" height=\"150\" width=\"150\" decoding=\"async\" src=\"https:\/\/i0.wp.com\/stachelbart-verlag.de\/wp-content\/uploads\/2021\/08\/Guesken.jpg?resize=150%2C150&#038;ssl=1\" alt=\"G\u00fcsken\" itemprop=\"image\"\/>\n\t\t\t\t\t\t<figcaption>\n\t\t\t\t<h3>\n\t\t\t\t\t\t\t\tChristoph G\u00fcsken\n\t\t\t\t\t\t\t\t<\/h3>\n\t\t\t\t\t\t\t\t\t<p>Christoph G\u00fcsken, Jahrgang 1958, stammt aus M\u00f6nchengladbach und lebt als freier Autor in M\u00fcnster. Seit vielen Jahren schreibt er H\u00f6rspiele, Theaterst\u00fccke und Kriminalromane. Als Vater einer Tochter hat er irgendwann festgestellt, dass Kinderb\u00fccher noch spannender sind als Krimis. Also las er ihr nicht nur welche vor, sondern fing an, selbst welche zu schreiben.<strong>B\u00fccher:<\/strong>\u00a0<a href=\"https:\/\/stachelbart-verlag.de\/produkt\/christoph-guesken-nashorn-reisst-aus\/\">&#8222;Nashorn rei\u00dft aus&#8220;<\/a><\/p>\n\t\t\t\t\t\t\t<\/figcaption>\n\t\t<\/figure>\n\t\t\t\t<figure>\n\t\t\t\t<img data-recalc-dims=\"1\" height=\"150\" width=\"150\" decoding=\"async\" src=\"https:\/\/i0.wp.com\/stachelbart-verlag.de\/wp-content\/uploads\/2021\/08\/Sissi-Stanek.jpg?resize=150%2C150&#038;ssl=1\" alt=\"G\u00fcsken\" itemprop=\"image\"\/>\n\t\t\t\t\t\t<figcaption>\n\t\t\t\t<h3>\n\t\t\t\t\t\t\t\tSissi Stanek\n\t\t\t\t\t\t\t\t<\/h3>\n\t\t\t\t\t\t\t\t\t<p>Sissi Stanek kam 1939 in Wien zur Welt, ist verheiratet und hat drei l\u00e4ngst erwachsene Kinder. Sie wohnt in einem kleinen Ort in Mittelfranken, wo sie schon seit vielen Jahren gemeinsam mit ihrem Mann als Pilzsachverst\u00e4ndige t\u00e4tig ist und Sachb\u00fccher f\u00fcr Kinder und Erwachsene verfasst.<strong>B\u00fccher:<\/strong>\u00a0<a href=\"https:\/\/stachelbart-verlag.de\/produkt\/holm-schneider-joachim-und-sissi-stanek-gehst-du-mit-mir-pilze-suchen\/\">&#8222;Gehst Du mit mir Pilze suchen?&#8220;<\/a><\/p>\n\t\t\t\t\t\t\t<\/figcaption>\n\t\t<\/figure>\n\t\t\t\t<figure>\n\t\t\t\t<img data-recalc-dims=\"1\" height=\"150\" width=\"150\" decoding=\"async\" src=\"https:\/\/i0.wp.com\/stachelbart-verlag.de\/wp-content\/uploads\/2021\/08\/Michael-Helmrich.jpg?resize=150%2C150&#038;ssl=1\" alt=\"G\u00fcsken\" itemprop=\"image\"\/>\n\t\t\t\t\t\t<figcaption>\n\t\t\t\t<h3>\n\t\t\t\t\t\t\t\tMichael Helmrich\n\t\t\t\t\t\t\t\t<\/h3>\n\t\t\t\t\t\t\t\t\t<p>Michael Helmrich, Jahrgang 1986, wurde in Pakistan geboren und ist in Kenia aufgewachsen. Er kam erst in seinem 20. Lebensjahr nach Deutschland. An der Hochschule f\u00fcr Film und Fernsehen in Potsdam-Babelsberg studierte er Animation und arbeitet heute als Motion Designer und freier Illustrator. Er lebt mit seiner Freundin und zwei Kleinkindern in Berlin-Pankow.<strong>B\u00fccher:<\/strong> <a href=\"https:\/\/stachelbart-verlag.de\/produkt\/priska-reis-und-michael-helmrich-superegon\/\">&#8222;SuperEgon&#8220; <\/a><\/p>\n\t\t\t\t\t\t\t<\/figcaption>\n\t\t<\/figure>\n\t\t\t\t<figure>\n\t\t\t\t<img data-recalc-dims=\"1\" height=\"150\" width=\"150\" decoding=\"async\" src=\"https:\/\/i0.wp.com\/stachelbart-verlag.de\/wp-content\/uploads\/2021\/08\/Werner-Siegert.jpg?resize=150%2C150&#038;ssl=1\" alt=\"G\u00fcsken\" itemprop=\"image\"\/>\n\t\t\t\t\t\t<figcaption>\n\t\t\t\t<h3>\n\t\t\t\t\t\t\t\tWerner Siegert\n\t\t\t\t\t\t\t\t<\/h3>\n\t\t\t\t\t\t\t\t\t<p>Werner Siegert wurde als Autor erfolgreicher Sachb\u00fccher und mehrerer Romane bekannt. Zuvor war er Chefredakteur einer Zeitschrift und als Unternehmensberater t\u00e4tig. Er ist Vater von vier S\u00f6hnen sowie siebenfacher Gro\u00dfvater und lebt mit seiner Frau in Stockdorf bei M\u00fcnchen.<strong>B\u00fccher:<\/strong>\u00a0<a href=\"https:\/\/stachelbart-verlag.de\/produkt\/werner-siegert-markus-der-blumendoktor\/\">&#8222;Markus, der Blumendoktor&#8220; <\/a><\/p>\n\t\t\t\t\t\t\t<\/figcaption>\n\t\t<\/figure>\n\t\t\t\t<figure>\n\t\t\t\t<img data-recalc-dims=\"1\" height=\"150\" width=\"150\" decoding=\"async\" src=\"https:\/\/i0.wp.com\/stachelbart-verlag.de\/wp-content\/uploads\/2021\/08\/Verena-Freund-1.jpg?resize=150%2C150&#038;ssl=1\" alt=\"G\u00fcsken\" itemprop=\"image\"\/>\n\t\t\t\t\t\t<figcaption>\n\t\t\t\t<h3>\n\t\t\t\t\t\t\t\tVerena Freund\n\t\t\t\t\t\t\t\t<\/h3>\n\t\t\t\t\t\t\t\t\t<p>Verena Freund, Jahrgang 1989, hatte schon als Achtj\u00e4hrige vor, einmal Kinderbuchautorin oder Lehrerin zu werden. Inzwischen hat sie beide W\u00fcnsche verwirklicht. Zum Schreiben motiviert sie ihr Traum von einer Gesellschaft, die keinen Menschen ausgrenzt.<b>B\u00fccher:<\/b><a href=\"https:\/\/stachelbart-verlag.de\/produkt\/verena-freund-im-rollstuhl-nach-florenz-oder-wie-wir-die-mona-lisa-zum-laecheln-brachten\/\"> &#8222;Im Rollstuhl nach Florenz oder Wie wir die Mona Lisa zum L\u00e4cheln brachten&#8220;<\/a><\/p>\n\t\t\t\t\t\t\t<\/figcaption>\n\t\t<\/figure>\n\t\t\t\t<figure>\n\t\t\t\t<img data-recalc-dims=\"1\" height=\"150\" width=\"150\" decoding=\"async\" src=\"https:\/\/i0.wp.com\/stachelbart-verlag.de\/wp-content\/uploads\/2021\/08\/Peter-Guckes.jpg?resize=150%2C150&#038;ssl=1\" alt=\"G\u00fcsken\" itemprop=\"image\"\/>\n\t\t\t\t\t\t<figcaption>\n\t\t\t\t<h3>\n\t\t\t\t\t\t\t\tPeter Guckes\n\t\t\t\t\t\t\t\t<\/h3>\n\t\t\t\t\t\t\t\t\t<p>Peter Guckes, Jahrgang 1965, ist in Berlin zu Hause, wo er als freier Illustrator und Grafik-Designer arbeitet. Er hat einen Sohn und eine Tochter, die ihn immer wieder auf neue Ideen bringen &#8230; Manchmal wird daraus sogar ein richtiges Bilderbuch, f\u00fcr das er selber auch die Texte schreibt.<strong>B\u00fccher:<\/strong>\u00a0<a href=\"https:\/\/stachelbart-verlag.de\/produkt\/peter-guckes-ist-es-noch-weit\/\">&#8222;Ist es noch weit?&#8220;<\/a> und <a href=\"https:\/\/stachelbart-verlag.de\/produkt\/wie-mama-mit-der-nase-sieht\/\">&#8222;Wie Mama mit der Nase sieht&#8220;<\/a><\/p>\n\t\t\t\t\t\t\t<\/figcaption>\n\t\t<\/figure>\n\t\t\t\t<figure>\n\t\t\t\t<img data-recalc-dims=\"1\" height=\"150\" width=\"150\" decoding=\"async\" src=\"https:\/\/i0.wp.com\/stachelbart-verlag.de\/wp-content\/uploads\/2021\/08\/Petra-Hillebrand.jpg?resize=150%2C150&#038;ssl=1\" alt=\"G\u00fcsken\" itemprop=\"image\"\/>\n\t\t\t\t\t\t<figcaption>\n\t\t\t\t<h3>\n\t\t\t\t\t\t\t\tPetra Hillebrand\n\t\t\t\t\t\t\t\t<\/h3>\n\t\t\t\t\t\t\t\t\t<p>Petra Hillebrand wurde 1972 in Innsbruck (\u00d6sterreich) geboren und ist hauptberuflich als Sozialarbeiterin f\u00fcr die Tiroler Hospizgemeinschaft t\u00e4tig. Daneben hat die Mutter von zwei Kindern mehrere erfolgreiche B\u00fccher ver\u00f6ffentlicht. Bei der Arbeit an \u201eGlatzkopfzeit&#8220; sch\u00f6pfte sie aus ihren langj\u00e4hrigen Erfahrungen im Klinikalltag an der Universit\u00e4tsklinik Innsbruck. Sie lebt mit ihrer Familie in Inzing in Tirol.<strong>B\u00fccher:<\/strong> <a href=\"https:\/\/stachelbart-verlag.de\/produkt\/petra-hillebrand-glatzkopfzeit\/\">&#8222;Glatzkopfzeit&#8220;<\/a><\/p>\n\t\t\t\t\t\t\t<\/figcaption>\n\t\t<\/figure>\n\t\t\t\t<figure>\n\t\t\t\t<img data-recalc-dims=\"1\" height=\"150\" width=\"150\" decoding=\"async\" src=\"https:\/\/i0.wp.com\/stachelbart-verlag.de\/wp-content\/uploads\/2021\/08\/Jana-Pischang.jpg?resize=150%2C150&#038;ssl=1\" alt=\"G\u00fcsken\" itemprop=\"image\"\/>\n\t\t\t\t\t\t<figcaption>\n\t\t\t\t<h3>\n\t\t\t\t\t\t\t\tJana Pischang\n\t\t\t\t\t\t\t\t<\/h3>\n\t\t\t\t\t\t\t\t\t<p>Jana Pischang ist gelernte Mediendesignerin und arbeitet tags\u00fcber in einer Werbefirma. Abends managt sie erfolgreich ihr kleines Familienunternehmen und malt beseelt ihre Bilder.<strong>B\u00fccher:<\/strong>\u00a0<a href=\"https:\/\/stachelbart-verlag.de\/produkt\/frauke-angel-und-jana-pischang-suki-und-die-alten-tanten\/\">&#8222;Suki und die alten Tanten&#8220;<\/a><\/p>\n\t\t\t\t\t\t\t<\/figcaption>\n\t\t<\/figure>\n\t\t\t\t<figure>\n\t\t\t\t<img data-recalc-dims=\"1\" height=\"150\" width=\"150\" decoding=\"async\" src=\"https:\/\/i0.wp.com\/stachelbart-verlag.de\/wp-content\/uploads\/2021\/08\/Frauke-Angel.jpg?resize=150%2C150&#038;ssl=1\" alt=\"G\u00fcsken\" itemprop=\"image\"\/>\n\t\t\t\t\t\t<figcaption>\n\t\t\t\t<h3>\n\t\t\t\t\t\t\t\tFrauke Angel\n\t\t\t\t\t\t\t\t<\/h3>\n\t\t\t\t\t\t\t\t\t<p>Frauke Angel, Jahrgang 1974, ist gelernte Schauspielerin und seit 2012 als freischaffende Autorin t\u00e4tig. Ihre Kurzgeschichten und Erz\u00e4hlungen lenken den Blick auf die kleinen Helden des Alltags. Daf\u00fcr erhielt sie zahlreiche Auszeichnungen, unter anderem den \u00d6sterreichischen Kinder- und Jugendliteraturpreis 2020, den MDR-Kinderh\u00f6rspielpreis, den Literaturf\u00f6rderpreis Ruhr und den Kinder- und Jugendliteraturpreis &#8222;Eberhard&#8220;. Frauke Angel lebt mit ihrer Familie in Dresden.<strong>B\u00fccher:\u00a0<\/strong><a href=\"https:\/\/stachelbart-verlag.de\/produkt\/frauke-angel-und-jana-pischang-suki-und-die-alten-tanten\/\">&#8222;Suki und die alten Tanten&#8220;<\/a><\/p>\n\t\t\t\t\t\t\t<\/figcaption>\n\t\t<\/figure>\n\t\t\t\t<figure>\n\t\t\t\t<img data-recalc-dims=\"1\" height=\"150\" width=\"150\" decoding=\"async\" src=\"https:\/\/i0.wp.com\/stachelbart-verlag.de\/wp-content\/uploads\/2021\/08\/Frank-Weniger.jpg?resize=150%2C150&#038;ssl=1\" alt=\"G\u00fcsken\" itemprop=\"image\"\/>\n\t\t\t\t\t\t<figcaption>\n\t\t\t\t<h3>\n\t\t\t\t\t\t\t\tFrank Weniger\n\t\t\t\t\t\t\t\t<\/h3>\n\t\t\t\t\t\t\t\t\t<p>Frank Weniger, 1954-2019, war Schwarzw\u00e4lder durch und durch: stoisch, umg\u00e4nglich, hintersinnig,\u00a0lebensfroh. Er wohnte mit seiner Frau in Rottweil und Schluchsee, war Vater von zwei S\u00f6hnen und mit gro\u00dfer Leidenschaft Lehrer und sp\u00e4ter Rektor einer Grundschule. Nachdem er wegen einer schweren Krankheit pensioniert wurde, fand er endlich Zeit zum Schreiben, doch leider nicht mehr genug &#8230;<strong>B\u00fccher:<\/strong> <a href=\"https:\/\/stachelbart-verlag.de\/produkt\/knaeuel\/\">&#8222;Kn\u00e4uel&#8220;<\/a><\/p>\n\t\t\t\t\t\t\t<\/figcaption>\n\t\t<\/figure>\n\t\t\t\t<figure>\n\t\t\t\t<img data-recalc-dims=\"1\" height=\"150\" width=\"150\" decoding=\"async\" src=\"https:\/\/i0.wp.com\/stachelbart-verlag.de\/wp-content\/uploads\/2021\/08\/Reis.jpg?resize=150%2C150&#038;ssl=1\" alt=\"G\u00fcsken\" itemprop=\"image\"\/>\n\t\t\t\t\t\t<figcaption>\n\t\t\t\t<h3>\n\t\t\t\t\t\t\t\tPriska Reis\n\t\t\t\t\t\t\t\t<\/h3>\n\t\t\t\t\t\t\t\t\t<p>Priska Reis, Jahrgang 1982, war nach dem Studium der Sozialen Arbeit freiberuflich in verschiedenen Kinder- und Jugendeinrichtungen t\u00e4tig. Seit 2014 unterrichtet sie Deutsch als Fremdsprache in Berlin. Das Schreiben ist ihre gro\u00dfe Leidenschaft. Mit ihren Geschichten m\u00f6chte sie Kindern Werte vermitteln, ohne den p\u00e4dagogischen Zeigefinger zu erheben.<strong>B\u00fccher:<\/strong>\u00a0<a href=\"https:\/\/stachelbart-verlag.de\/produkt\/priska-reis-und-michael-helmrich-superegon\/\">&#8222;SuperEgon&#8220; <\/a><\/p>\n\t\t\t\t\t\t\t<\/figcaption>\n\t\t<\/figure>\n\t\t\t\t<figure>\n\t\t\t\t<img data-recalc-dims=\"1\" height=\"150\" width=\"150\" decoding=\"async\" src=\"https:\/\/i0.wp.com\/stachelbart-verlag.de\/wp-content\/uploads\/2021\/08\/Eibert-Julian.jpg?resize=150%2C150&#038;ssl=1\" alt=\"G\u00fcsken\" itemprop=\"image\"\/>\n\t\t\t\t\t\t<figcaption>\n\t\t\t\t<h3>\n\t\t\t\t\t\t\t\tJulian Eibert\n\t\t\t\t\t\t\t\t<\/h3>\n\t\t\t\t\t\t\t\t\t<p>Julian Eibert wurde 1995 in Erlangen geboren und wohnt in Neuhaus, dem sch\u00f6nsten Dorf Mittelfrankens. Bis zum Sommer 2011 ging er noch zur Schule. Danach begann er, um etwas Solides zu lernen, eine handwerkliche Berufsausbildung.Schreiben mag er, wenn es einen guten Grund daf\u00fcr gibt.<strong>B\u00fccher:<\/strong>\u00a0<a href=\"https:\/\/stachelbart-verlag.de\/produkt\/julian-eibert-meine-schwester-wohnt-im-himmel\/\">&#8222;Meine Schwester wohnt im Himmel&#8220;<\/a><\/p>\n\t\t\t\t\t\t\t<\/figcaption>\n\t\t<\/figure>\n\t\t\t\t<figure>\n\t\t\t\t<img data-recalc-dims=\"1\" decoding=\"async\" src=\"https:\/\/i0.wp.com\/stachelbart-verlag.de\/wp-content\/uploads\/2022\/12\/profilbild-samuel-wiedmann-2-1-scaled-e1670675722114.jpg?w=1200&#038;ssl=1\" alt=\"G\u00fcsken\" itemprop=\"image\"\/>\n\t\t\t\t\t\t<figcaption>\n\t\t\t\t<h3>\n\t\t\t\t\t\t\t\tSamuel Wiedmann\n\t\t\t\t\t\t\t\t<\/h3>\n\t\t\t\t\t\t\t\t\t<p>Samuel Wiedmann lebt in der N\u00e4he von Heidelberg und arbeitet als Orthop\u00e4dietechniker in einer Werkstatt wie sie im Buch <a href=\"https:\/\/stachelbart-verlag.de\/produkt\/holm-schneider-samuel-wiedmann-ole-und-die-werkstatt-fuer-zu-kurze-beine\/\">&#8222;Ole und die Werkstatt f\u00fcr zu kurze Beine&#8220;<\/a> beschrieben wird. Dort ist er unter anderem auch Ansprechpartner f\u00fcr Sportler mit Beinprothesen. Bei den Paralympischen Sommerspielen 2020 in Tokio war er als Techniker im Werkstatt-Team dabei, als sein Sch\u00fctzling Felix Streng die Goldmedaille im 100-Meter-Sprint gewann.<strong>B\u00fccher:<\/strong>\u00a0<a href=\"https:\/\/stachelbart-verlag.de\/produkt\/holm-schneider-samuel-wiedmann-ole-und-die-werkstatt-fuer-zu-kurze-beine\/\">&#8222;Ole und die Werkstatt f\u00fcr zu kurze Beine&#8220;<\/a><\/p>\n\t\t\t\t\t\t\t<\/figcaption>\n\t\t<\/figure>\n\t\t\t\t<figure>\n\t\t\t\t<img data-recalc-dims=\"1\" height=\"150\" width=\"150\" decoding=\"async\" src=\"https:\/\/i0.wp.com\/stachelbart-verlag.de\/wp-content\/uploads\/2021\/08\/Holm-Schneider_2017.jpg?resize=150%2C150&#038;ssl=1\" alt=\"G\u00fcsken\" itemprop=\"image\"\/>\n\t\t\t\t\t\t<figcaption>\n\t\t\t\t<h3>\n\t\t\t\t\t\t\t\tHolm Schneider\n\t\t\t\t\t\t\t\t<\/h3>\n\t\t\t\t\t\t\t\t\t<p>Holm Schneider wurde 1969 in Leipzig geboren und lebt mit Frau und Kindern in Erlangen. Als Kinderarzt und Professor am Uni-Klinikum Erlangen hat er auch beruflich viel mit Kindern zu tun. Deshalb packt er auf l\u00e4ngeren Bahnreisen gern den Laptop aus, um Sachb\u00fccher und Geschichten f\u00fcr sie zu schreiben.Holm Schneider wurde 2015 f\u00fcr sein besonderes Engagement f\u00fcr Menschen mit Behinderung mit dem Erlanger Inklusionspreis ausgezeichnet.<strong>B\u00fccher:<\/strong><\/p><ul><li><a href=\"https:\/\/stachelbart-verlag.de\/produkt\/holm-schneider-warum-vampire-nicht-gern-rennen\/\">&#8222;Warum Vampire nicht gern rennen&#8220; <\/a><\/li><li><a href=\"https:\/\/stachelbart-verlag.de\/produkt\/holm-schneider-wie-der-pleitegeier-verschwand\/\">&#8222;Wie der Pleitegeier verschwand&#8220;<\/a><\/li><li><a href=\"https:\/\/stachelbart-verlag.de\/produkt\/holm-schneider-neue-nester-fuer-die-schwalben\/\">&#8222;Neue Nester f\u00fcr die Schwalben&#8220;<\/a><\/li><li><a href=\"https:\/\/stachelbart-verlag.de\/produkt\/holm-schneider-joachim-und-sissi-stanek-gehst-du-mit-mir-pilze-suchen\/\">&#8222;Gehst Du mit mir Pilze suchen?&#8220;<\/a><\/li><li><a href=\"https:\/\/stachelbart-verlag.de\/produkt\/ed-society-hrsg-holm-schneider-uebers-jeder-ist-anders\/\">&#8222;Jeder ist anders&#8220; (\u00dcbersetzung)<\/a><\/li><li><a href=\"https:\/\/stachelbart-verlag.de\/produkt\/holm-schneider-samuel-wiedmann-ole-und-die-werkstatt-fuer-zu-kurze-beine\/\">&#8222;Ole und die Werkstatt f\u00fcr zu kurze Beine&#8220;<\/a><\/li><\/ul>\n\t\t\t\t\t\t\t<\/figcaption>\n\t\t<\/figure>\n\t\t\t\t<figure>\n\t\t\t\t<img data-recalc-dims=\"1\" height=\"150\" width=\"150\" decoding=\"async\" src=\"https:\/\/i0.wp.com\/stachelbart-verlag.de\/wp-content\/uploads\/2021\/08\/Ingeborg-Rotach.jpg?resize=150%2C150&#038;ssl=1\" alt=\"G\u00fcsken\" itemprop=\"image\"\/>\n\t\t\t\t\t\t<figcaption>\n\t\t\t\t<h3>\n\t\t\t\t\t\t\t\tIngeborg Rotach\n\t\t\t\t\t\t\t\t<\/h3>\n\t\t\t\t\t\t\t\t\t<p>Ingeborg Rotach wuchs in Rapperswil am Z\u00fcrichsee auf. Weil Lesen, Schreiben und Geschichten ausdenken schon immer zu ihrem Leben geh\u00f6rten, w\u00e4hlte sie den Beruf der Bibliothekarin. Sie schrieb f\u00fcr verschiedene Zeitungen und Zeitschriften und leitete jahrelang eine Bibliothek. Die Geschichten, die sie den eigenen Kindern in unendlichen Fortsetzungen erz\u00e4hlt hatte, schrieb sie sp\u00e4ter auf. F\u00fcr \u201eLieber alter Engel&#8220;, eines der so entstandenen Kinder- und Jugendb\u00fccher, wurde sie mit dem Schweizer Jugendbuchpreis ausgezeichnet.<strong>B\u00fccher:<\/strong> <a href=\"https:\/\/stachelbart-verlag.de\/produkt\/ingeborg-rotach-taschenpost\/\">&#8222;Taschenpost&#8220;<\/a><\/p>\n\t\t\t\t\t\t\t<\/figcaption>\n\t\t<\/figure>\n\t\t\t\t<figure>\n\t\t\t\t<img data-recalc-dims=\"1\" height=\"150\" width=\"150\" decoding=\"async\" src=\"https:\/\/i0.wp.com\/stachelbart-verlag.de\/wp-content\/uploads\/2021\/08\/Herbert-Beckmann.jpg?resize=150%2C150&#038;ssl=1\" alt=\"G\u00fcsken\" itemprop=\"image\"\/>\n\t\t\t\t\t\t<figcaption>\n\t\t\t\t<h3>\n\t\t\t\t\t\t\t\tHerbert Beckmann\n\t\t\t\t\t\t\t\t<\/h3>\n\t\t\t\t\t\t\t\t\t<p>Herbert Beckmann, 1960 geboren, studierte Psychologie und lebt mit seiner Familie in Berlin. Er schreibt f\u00fcr Kinder und Erwachsene: B\u00fccher, Radiogeschichten und H\u00f6rspiele. Von ihm erschienen u.a. die Kinderb\u00fccher \u201eJonas und die Sache mit der Freundschaft&#8220;, \u201eSo viel Gl\u00fcck&#8220;, \u201eVicky Viktoria und die verschwundene Lady&#8220; und das Kinderh\u00f6rspiel \u201eDer Jesus von Kreuzberg&#8220; (rbb), das es auf die Top 5-Liste des Deutschen Kinderh\u00f6rspielpreises schaffte. \u201eOpas Geheimnis&#8220; wurde ebenfalls in der Kinderradio-Reihe \u201eOhrenb\u00e4r&#8220; des rbb gesendet.<strong>B\u00fccher:<\/strong> <a href=\"https:\/\/stachelbart-verlag.de\/produkt\/opas-geheimnis\/\">&#8222;Opas Geheimnis&#8220;<\/a><\/p>\n\t\t\t\t\t\t\t<\/figcaption>\n\t\t<\/figure>\n\t<p>Sie haben ein Kinderbuch geschrieben und suchen nun nach dem passenden Verlag? <\/p>\n<p>Gern pr\u00fcfen wir &#8211; unverbindlich &#8211; Ihre Arbeiten. <\/p>\n<p><a href=\"https:\/\/stachelbart-verlag.de\/?page_id=817\">&#8230;weiterlesen<\/a><\/p>\n\n","protected":false},"excerpt":{"rendered":"<p>Christoph G\u00fcsken Christoph G\u00fcsken, Jahrgang 1958, stammt aus M\u00f6nchengladbach und lebt als freier Autor in M\u00fcnster. Seit vielen Jahren schreibt er H\u00f6rspiele, Theaterst\u00fccke und Kriminalromane. Als Vater einer Tochter hat er irgendwann festgestellt, dass Kinderb\u00fccher noch spannender sind als Krimis. Also las er ihr nicht nur welche vor, sondern fing an, selbst welche zu schreiben.B\u00fccher:\u00a0&#8222;Nashorn&hellip;&nbsp;<a href=\"https:\/\/stachelbart-verlag.de\/?page_id=502\" rel=\"bookmark\">Weiterlesen &raquo;<span class=\"screen-reader-text\">Autoren<\/span><\/a><\/p>\n","protected":false},"author":1,"featured_media":0,"parent":0,"menu_order":0,"comment_status":"closed","ping_status":"closed","template":"","meta":{"neve_meta_sidebar":"full-width","neve_meta_container":"","neve_meta_enable_content_width":"on","neve_meta_content_width":100,"neve_meta_title_alignment":"","neve_meta_author_avatar":"","neve_post_elements_order":"","neve_meta_disable_header":"","neve_meta_disable_footer":"","neve_meta_disable_title":"","footnotes":""},"class_list":["post-502","page","type-page","status-publish","hentry"],"jetpack_sharing_enabled":true,"_links":{"self":[{"href":"https:\/\/stachelbart-verlag.de\/index.php?rest_route=\/wp\/v2\/pages\/502","targetHints":{"allow":["GET"]}}],"collection":[{"href":"https:\/\/stachelbart-verlag.de\/index.php?rest_route=\/wp\/v2\/pages"}],"about":[{"href":"https:\/\/stachelbart-verlag.de\/index.php?rest_route=\/wp\/v2\/types\/page"}],"author":[{"embeddable":true,"href":"https:\/\/stachelbart-verlag.de\/index.php?rest_route=\/wp\/v2\/users\/1"}],"replies":[{"embeddable":true,"href":"https:\/\/stachelbart-verlag.de\/index.php?rest_route=%2Fwp%2Fv2%2Fcomments&post=502"}],"version-history":[{"count":14,"href":"https:\/\/stachelbart-verlag.de\/index.php?rest_route=\/wp\/v2\/pages\/502\/revisions"}],"predecessor-version":[{"id":1510,"href":"https:\/\/stachelbart-verlag.de\/index.php?rest_route=\/wp\/v2\/pages\/502\/revisions\/1510"}],"wp:attachment":[{"href":"https:\/\/stachelbart-verlag.de\/index.php?rest_route=%2Fwp%2Fv2%2Fmedia&parent=502"}],"curies":[{"name":"wp","href":"https:\/\/api.w.org\/{rel}","templated":true}]}}