{"id":562,"date":"2021-08-03T19:29:06","date_gmt":"2021-08-03T17:29:06","guid":{"rendered":"https:\/\/stachelbart-verlag.de\/?page_id=562"},"modified":"2025-12-03T08:15:11","modified_gmt":"2025-12-03T07:15:11","slug":"handel-2","status":"publish","type":"page","link":"https:\/\/stachelbart-verlag.de\/?page_id=562","title":{"rendered":"Handel"},"content":{"rendered":"\n\n<h1>Handel<\/h1>\nLiebe Kolleginnen und Kollegen,\n<p>vielen Dank f\u00fcr Ihr Interesse! Zu fast jedem unserer B\u00fccher k\u00f6nnen wir Ihnen kostenlose Werbemittel, z. B. Flyer oder Poster, zukommen lassen. Einige unserer Autoren stehen auch f\u00fcr Lesungen zur Verf\u00fcgung.\u00a0 Haben Sie daran Interesse oder suchen Sie weitere Informationen, wenden Sie sich bitte direkt per <a href=\"mailto:info@stachelbart-verlag.de\">E-Mail<\/a> an uns!<\/p>\n\t\t\t\t<img data-recalc-dims=\"1\" decoding=\"async\" src=\"https:\/\/i0.wp.com\/stachelbart-verlag.de\/wp-content\/uploads\/2021\/08\/P4040017.jpg?resize=821%2C593&#038;ssl=1\" alt=\"Eine Gruppe aus Kindern und Erwachsenen - mit hautfarbenen Haarnetzen auf den K\u00f6pfen - nach einer Lesung aus Petra Hillebrands Buch &quot;Glatzkopfzeit&quot;.\" itemprop=\"image\" height=\"593\" width=\"821\" title=\"P4040017\" onerror=\"this.style.display='none'\" loading=\"lazy\" \/>\n\n","protected":false},"excerpt":{"rendered":"<p>Handel Liebe Kolleginnen und Kollegen, vielen Dank f\u00fcr Ihr Interesse! Zu fast jedem unserer B\u00fccher k\u00f6nnen wir Ihnen kostenlose Werbemittel, z. B. Flyer oder Poster, zukommen lassen. Einige unserer Autoren stehen auch f\u00fcr Lesungen zur Verf\u00fcgung.\u00a0 Haben Sie daran Interesse oder suchen Sie weitere Informationen, wenden Sie sich bitte direkt per E-Mail an uns!<\/p>\n","protected":false},"author":1,"featured_media":0,"parent":0,"menu_order":0,"comment_status":"closed","ping_status":"closed","template":"","meta":{"neve_meta_sidebar":"full-width","neve_meta_container":"","neve_meta_enable_content_width":"on","neve_meta_content_width":100,"neve_meta_title_alignment":"","neve_meta_author_avatar":"","neve_post_elements_order":"","neve_meta_disable_header":"","neve_meta_disable_footer":"","neve_meta_disable_title":"","footnotes":""},"class_list":["post-562","page","type-page","status-publish","hentry"],"jetpack_sharing_enabled":true,"_links":{"self":[{"href":"https:\/\/stachelbart-verlag.de\/index.php?rest_route=\/wp\/v2\/pages\/562","targetHints":{"allow":["GET"]}}],"collection":[{"href":"https:\/\/stachelbart-verlag.de\/index.php?rest_route=\/wp\/v2\/pages"}],"about":[{"href":"https:\/\/stachelbart-verlag.de\/index.php?rest_route=\/wp\/v2\/types\/page"}],"author":[{"embeddable":true,"href":"https:\/\/stachelbart-verlag.de\/index.php?rest_route=\/wp\/v2\/users\/1"}],"replies":[{"embeddable":true,"href":"https:\/\/stachelbart-verlag.de\/index.php?rest_route=%2Fwp%2Fv2%2Fcomments&post=562"}],"version-history":[{"count":4,"href":"https:\/\/stachelbart-verlag.de\/index.php?rest_route=\/wp\/v2\/pages\/562\/revisions"}],"predecessor-version":[{"id":1517,"href":"https:\/\/stachelbart-verlag.de\/index.php?rest_route=\/wp\/v2\/pages\/562\/revisions\/1517"}],"wp:attachment":[{"href":"https:\/\/stachelbart-verlag.de\/index.php?rest_route=%2Fwp%2Fv2%2Fmedia&parent=562"}],"curies":[{"name":"wp","href":"https:\/\/api.w.org\/{rel}","templated":true}]}}