{"id":746,"date":"2021-08-12T22:07:16","date_gmt":"2021-08-12T20:07:16","guid":{"rendered":"https:\/\/stachelbart-verlag.de\/?page_id=746"},"modified":"2022-02-23T19:55:58","modified_gmt":"2022-02-23T18:55:58","slug":"datenschutzerklaerung-2","status":"publish","type":"page","link":"https:\/\/stachelbart-verlag.de\/?page_id=746","title":{"rendered":"Datenschutzerkl\u00e4rung"},"content":{"rendered":"\n\n\t<h1>Datenschutz-Erkl\u00e4rung<\/h1>\n<p>Dieses Dokument wurde erstellt, um die Bem\u00fchungen zur Einhaltung der Datenschutzgesetze aufzuzeigen. Unsere Website, https:\/\/stachelbart-verlag.de (im folgenden: &#8222;Die Website&#8220;), speichert in verschiedenen Momenten Daten. Wir wollen dich im Folgenden informieren \u00fcber die Art der Sammlung, Speicherung und Verwendung deiner Daten im Rahmen der Nuzung unserer<br role=\"presentation\" \/>Website. <\/p>\n<p>Wenn Besucher Kommentare auf der Website schreiben, sammeln wir die Daten, die im Kommentar-Formular angezeigt werden, au\u00dferdem die IP-Adresse des Besuchers und den User-Agent-String (damit wird der Browser identifiziert), um die Erkennung von Spam zu unterst\u00fctzen.<\/p>\n<p>Aus deiner E-Mail-Adresse kann eine anonymisierte Zeichenfolge erstellt (auch Hash genannt) und dem Gravatar-Dienst \u00fcbergeben werden, um zu pr\u00fcfen, ob du diesen benutzt. Die Datenschutzerkl\u00e4rung des Gravatar-Dienstes findest du hier: https:\/\/automattic.com\/privacy\/. Nachdem dein Kommentar freigegeben wurde, ist dein Profilbild \u00f6ffentlich im Kontext deines Kommentars sichtbar.<\/p>\n<h2>Medien<\/h2>\n<p>Wenn du ein registrierter Benutzer bist und Fotos auf diese Website l\u00e4dst, solltest du vermeiden, Fotos mit einem EXIF-GPS-Standort hochzuladen. Besucher dieser Website k\u00f6nnten Fotos, die auf dieser Website gespeichert sind, herunterladen und deren Standort-Informationen extrahieren.<\/p>\n<h2>Cookies<\/h2>\n<p>Unsere Website verwendet Cookies und \u00e4hnliche Technologien (der Einfachheit halber werden all diese unter &#8222;Cookies&#8220; zusammengefasst). Cookies werden au\u00dferdem von uns beauftragten Drittparteien platziert. Im Folgenden informieren wir dich \u00fcber die Verwendung von Cookies auf unserer<br role=\"presentation\" \/>Website.<br role=\"presentation\" \/><br role=\"presentation\" \/>Ein Cookie ist eine einfache kleine Datei, die gemeinsam mit den Seiten einer Internetadresse versendet und vom Webbrowser auf dem PC oder einem anderen Ger\u00e4t gespeichert werden kann.<br role=\"presentation\" \/>Die darin gespeicherten Informationen k\u00f6nnen w\u00e4hrend folgender Besuche zu unseren oder den Servern relevanter Drittanbieter gesendet werden.<br role=\"presentation\" \/><br role=\"presentation\" \/>Ein Script ist ein St\u00fcck Programmcode, das benutzt wird, um unserer Website Funktionalit\u00e4t und Interaktivit\u00e4t zu erm\u00f6glichen. Dieser Code wird auf unseren Servern oder auf deinem Ger\u00e4t ausgef\u00fchrt.<\/p>\n<p>Ein Web-Beacon (auch Pixel-Tag genannt), ist ein kleines unsichtbares Textfragment oder Bild auf einer Website, das benutzt wird, um den Verkehr auf der Website zu \u00fcberwachen. Um dies zu erm\u00f6glichen werden diverse Daten von dir mittels Web-Beacons gespeichert.<\/p>\n<h4>Technische oder funktionelle Cookies<\/h4>\n<p>Einige Cookies stellen sicher, dass Teile unserer Website richtig funktionieren und deine Nutzervorlieben bekannt bleiben. Durch das Platzieren funktionaler Cookies machen wir es dir einfacher unsere Website zu besuchen. Auf diese Weise musst du bei Besuchen unserer Website nicht wiederholt die gleichen Informationen eingeben, oder deine Gegenst\u00e4nde bleiben beispielsweise in deinem Warenkorb bis du bezahlst. Wir k\u00f6nnen diese Cookies ohne dein<br role=\"presentation\" \/>Einverst\u00e4ndnis platzieren.<\/p>\n<h4>Marketing- \/ Tracking-Cookies<\/h4>\n<p>Marketing- \/ Tracking-Cookies sind Cookies oder eine andere Form der lokalen Speicherung, die zur Erstellung von Benutzerprofilen verwendet werden, um Werbung anzuzeigen oder den Benutzer auf dieser Website oder \u00fcber mehrere Websites hinweg f\u00fcr \u00e4hnliche Marketingzwecke zu verfolgen.<\/p>\n<h4>Soziale-Medien-Schaltfl\u00e4che<\/h4>\n<p>Auf unserer Website haben wir Buttons f\u00fcr Facebook, Twitter und Instagram eingef\u00fcgt, um Webseiten (z. B. \u201eGef\u00e4llt mir&#8220;, \u201eAnheften&#8220;) oder Teilen (z. B. \u201eTweet&#8220;) in sozialen Netzwerken wie Facebook, Twitter und Instagram zu unterst\u00fctzen. Diese Buttons verwenden einen Code, der von Facebook, Twitter und Instagram selbst stammt. Dieser Code platziert Cookies. Diese Social-Media-Buttons k\u00f6nnen auch bestimmte Informationen speichern und verarbeiten, sodass dir eine personalisierte Werbung angezeigt werden kann.<br role=\"presentation\" \/>Bitte lies die Datenschutzerkl\u00e4rung dieser sozialen Netzwerke (die sich regelm\u00e4\u00dfig \u00e4ndern kann), um zu erfahren, wie sie mit deinen (pers\u00f6nlichen) Daten umgehen, die sie mithilfe dieser Cookies verarbeiten. Die abgerufenen Daten werden so weit wie m\u00f6glich anonymisiert. Facebook, Twitter<br role=\"presentation\" \/>und Instagram haben ihren Sitze in den Vereinigten Staaten.<\/p>\n<h2>Eingebettete Inhalte von anderen Websites<\/h2>\n<p>Beitr\u00e4ge auf dieser Website k\u00f6nnen eingebettete Inhalte beinhalten (z.\u00a0B. Videos, Bilder, Beitr\u00e4ge etc.). Eingebettete Inhalte von anderen Websites verhalten sich exakt so, als ob der Besucher die andere Website besucht h\u00e4tte.<\/p>\n<p>Diese Websites k\u00f6nnen Daten \u00fcber dich sammeln, Cookies benutzen, zus\u00e4tzliche Tracking-Dienste von Dritten einbetten und deine Interaktion mit diesem eingebetteten Inhalt aufzeichnen, inklusive deiner Interaktion mit dem eingebetteten Inhalt, falls du ein Konto hast und auf dieser Website angemeldet bist.<\/p>\n<h2>Mit wem wir deine Daten teilen<\/h2>\n<p>Wenn du eine Zur\u00fccksetzung des Passworts beantragst, wird deine IP-Adresse in der E-Mail zur Zur\u00fccksetzung enthalten sein.<\/p>\n<p>Besucher-Kommentare k\u00f6nnten von einem automatisierten Dienst zur Spam-Erkennung untersucht werden.<\/p>\n<h2>Wie lange wir deine Daten speichern<\/h2>\n<p>Wenn du einen Kommentar schreibst, wird dieser inklusive Metadaten zeitlich unbegrenzt gespeichert. Auf diese Art k\u00f6nnen wir Folgekommentare automatisch erkennen und freigeben, anstatt sie in einer Moderations-Warteschlange festzuhalten.<\/p>\n<p>F\u00fcr Benutzer, die sich auf unserer Website registrieren, speichern wir zus\u00e4tzlich die pers\u00f6nlichen Informationen, die sie in ihren Benutzerprofilen angeben. Alle Benutzer k\u00f6nnen jederzeit ihre pers\u00f6nlichen Informationen einsehen, ver\u00e4ndern oder l\u00f6schen (der Benutzername kann nicht ver\u00e4ndert werden). Administratoren der Website k\u00f6nnen diese Informationen ebenfalls einsehen und ver\u00e4ndern.<\/p>\n<h2>Welche Rechte du an deinen Daten hast<\/h2>\n<p>Du hast in Bezug auf deine pers\u00f6nlichen Daten die folgenden Rechte:<\/p>\n<p><br role=\"presentation\" \/>&#8211; Du hast das Recht zu wissen, warum deine pers\u00f6nlichen Daten gebraucht werden, was mit ihnen passiert und wie lange diese verwahrt werden.<br role=\"presentation\" \/>&#8211; Zugriffsrecht: Du hast das Recht deine uns bekannten pers\u00f6nliche Daten einzusehen.<br role=\"presentation\" \/>&#8211; Recht auf Berichtigung: Du hast das Recht wann immer du w\u00fcnschst, deine pers\u00f6nlichen Daten zu erg\u00e4nzen, zu korrigieren sowie gel\u00f6scht oder blockiert zu bekommen.<br role=\"presentation\" \/>&#8211; Wenn du uns dein Einverst\u00e4ndnis zur Verarbeitung deiner Daten gegeben hast, hast du das Recht dieses Einverst\u00e4ndnis zu widerrufen und deine pers\u00f6nlichen Daten l\u00f6schen zu lassen.<br role=\"presentation\" \/>&#8211; Recht auf Datentransfer deiner Daten: Du hast das Recht, alle deine pers\u00f6nlichen Daten von einem Kontrolleur anzufordern und in ihrer Gesamtheit zu einem anderen Kontrolleur zu transferieren.<br role=\"presentation\" \/>&#8211; Widerspruchsrecht: Du kannst der Verarbeitung deiner Daten widersprechen. <\/p>\n<p>Wir entsprechen dem, es sei denn es gibt berechtigte Gr\u00fcnde f\u00fcr die Verarbeitung. <\/p>\n<p>Um diese Rechte auszu\u00fcben kontaktiere uns bitte. Bitte beziehe dich auf die Kontaktdaten am Ende dieser Erkl\u00e4rung. Wenn du eine Beschwerde dar\u00fcber hast, wie wir deine Daten behandeln, w\u00fcrden wir diese gerne h\u00f6ren, aber du hast auch das Recht diese an die Aufsichtsbeh\u00f6rde (der Datenschutzbeh\u00f6rde) zu richten.<\/p>\n<blockquote>\n<h2>Kontaktdaten<\/h2>\n<p>&nbsp;<\/p>\n<p>F\u00fcr Fragen und\/oder Kommentare zu unserer Datenschutz-Erkl\u00e4rung kontaktiere uns bitte mittels der folgenden Kontaktdaten:<\/p>\n<p>&nbsp;<\/p>\n<p>Stachelbart-Verlag<\/p>\n<p>z.Hd. Frau Anne-Ther\u00e9s Schneider<\/p>\n<p>Heckenweg 24a<\/p>\n<p>91056 Erlangen<\/p>\n<p>Deutschland<\/p>\n<p><br role=\"presentation\" \/>Website: https:\/\/www.stachelbart-verlag.de<br role=\"presentation\" \/>E-Mail: info@stachelbart-verlag.de<\/p><\/blockquote>\n\n","protected":false},"excerpt":{"rendered":"<p>Datenschutz-Erkl\u00e4rung Dieses Dokument wurde erstellt, um die Bem\u00fchungen zur Einhaltung der Datenschutzgesetze aufzuzeigen. Unsere Website, https:\/\/stachelbart-verlag.de (im folgenden: &#8222;Die Website&#8220;), speichert in verschiedenen Momenten Daten. Wir wollen dich im Folgenden informieren \u00fcber die Art der Sammlung, Speicherung und Verwendung deiner Daten im Rahmen der Nuzung unsererWebsite. Wenn Besucher Kommentare auf der Website schreiben, sammeln wir&hellip;&nbsp;<a href=\"https:\/\/stachelbart-verlag.de\/?page_id=746\" rel=\"bookmark\">Weiterlesen &raquo;<span class=\"screen-reader-text\">Datenschutzerkl\u00e4rung<\/span><\/a><\/p>\n","protected":false},"author":1,"featured_media":0,"parent":0,"menu_order":0,"comment_status":"closed","ping_status":"closed","template":"","meta":{"neve_meta_sidebar":"","neve_meta_container":"","neve_meta_enable_content_width":"","neve_meta_content_width":0,"neve_meta_title_alignment":"","neve_meta_author_avatar":"","neve_post_elements_order":"","neve_meta_disable_header":"","neve_meta_disable_footer":"","neve_meta_disable_title":"","footnotes":""},"class_list":["post-746","page","type-page","status-publish","hentry"],"jetpack_sharing_enabled":true,"_links":{"self":[{"href":"https:\/\/stachelbart-verlag.de\/index.php?rest_route=\/wp\/v2\/pages\/746","targetHints":{"allow":["GET"]}}],"collection":[{"href":"https:\/\/stachelbart-verlag.de\/index.php?rest_route=\/wp\/v2\/pages"}],"about":[{"href":"https:\/\/stachelbart-verlag.de\/index.php?rest_route=\/wp\/v2\/types\/page"}],"author":[{"embeddable":true,"href":"https:\/\/stachelbart-verlag.de\/index.php?rest_route=\/wp\/v2\/users\/1"}],"replies":[{"embeddable":true,"href":"https:\/\/stachelbart-verlag.de\/index.php?rest_route=%2Fwp%2Fv2%2Fcomments&post=746"}],"version-history":[{"count":0,"href":"https:\/\/stachelbart-verlag.de\/index.php?rest_route=\/wp\/v2\/pages\/746\/revisions"}],"wp:attachment":[{"href":"https:\/\/stachelbart-verlag.de\/index.php?rest_route=%2Fwp%2Fv2%2Fmedia&parent=746"}],"curies":[{"name":"wp","href":"https:\/\/api.w.org\/{rel}","templated":true}]}}