{"id":817,"date":"2021-08-14T14:12:18","date_gmt":"2021-08-14T12:12:18","guid":{"rendered":"https:\/\/stachelbart-verlag.de\/?page_id=817"},"modified":"2025-11-15T07:37:47","modified_gmt":"2025-11-15T06:37:47","slug":"manuskripte","status":"publish","type":"page","link":"https:\/\/stachelbart-verlag.de\/?page_id=817","title":{"rendered":"Manuskriptzusendungen"},"content":{"rendered":"\n\n\t<h2>Manuskriptzusendungen<\/h2>\n<p>Sie haben ein Kinderbuch geschrieben oder Illustrationen angefertigt und suchen nun nach dem passenden Verlag? Sie kennen unser Programm und denken, Ihr Buchkonzept passt dazu?<\/p>\n<p>Gern pr\u00fcfen wir &#8211; unverbindlich &#8211; Ihre Arbeiten.<\/p>\n<p>Wenn Sie uns ein Manuskript oder Illustrationen zusenden wollen, bitten wir Sie, die folgenden Hinweise zu beachten:<\/p>\n<p>Legen Sie jeder Einsendung ein kurzes Anschreiben mit Ihren Kontaktdaten bei und schicken Sie uns bitte keine Originale, sondern Kopien, am besten als PDF-Datei per E-Mail an <a href=\"mailto:info@stachelbart-verlag.de\">info@stachelbart-verlag.de<\/a> (maximale Dateigr\u00f6\u00dfe: 12 Megabyte).<\/p>\n<p>Unverlangte Manuskripte oder Illustrationen, die uns auf dem Postweg erreichen, senden wir nur zur\u00fcck, wenn ein ausreichend frankierter und adressierter R\u00fcckumschlag beigelegt wurde.<\/p>\n<p>Sehen Sie bitte von telefonischen Nachfragen ab. Wir schauen uns alles sorgf\u00e4ltig an und melden uns dann. Sie werden in jedem Fall von uns schriftlich benachrichtigt.<\/p>\n<p>Wir freuen uns \u00fcber jede Zusendung, k\u00f6nnen aber f\u00fcr unverlangte Manuskripte oder Illustrationen keine Haftung \u00fcbernehmen.<\/p>\n\n","protected":false},"excerpt":{"rendered":"<p>Manuskriptzusendungen Sie haben ein Kinderbuch geschrieben oder Illustrationen angefertigt und suchen nun nach dem passenden Verlag? Sie kennen unser Programm und denken, Ihr Buchkonzept passt dazu? Gern pr\u00fcfen wir &#8211; unverbindlich &#8211; Ihre Arbeiten. Wenn Sie uns ein Manuskript oder Illustrationen zusenden wollen, bitten wir Sie, die folgenden Hinweise zu beachten: Legen Sie jeder Einsendung&hellip;&nbsp;<a href=\"https:\/\/stachelbart-verlag.de\/?page_id=817\" rel=\"bookmark\">Weiterlesen &raquo;<span class=\"screen-reader-text\">Manuskriptzusendungen<\/span><\/a><\/p>\n","protected":false},"author":1,"featured_media":0,"parent":0,"menu_order":0,"comment_status":"closed","ping_status":"closed","template":"","meta":{"neve_meta_sidebar":"full-width","neve_meta_container":"","neve_meta_enable_content_width":"on","neve_meta_content_width":100,"neve_meta_title_alignment":"","neve_meta_author_avatar":"","neve_post_elements_order":"","neve_meta_disable_header":"","neve_meta_disable_footer":"","neve_meta_disable_title":"","footnotes":""},"class_list":["post-817","page","type-page","status-publish","hentry"],"jetpack_sharing_enabled":true,"_links":{"self":[{"href":"https:\/\/stachelbart-verlag.de\/index.php?rest_route=\/wp\/v2\/pages\/817","targetHints":{"allow":["GET"]}}],"collection":[{"href":"https:\/\/stachelbart-verlag.de\/index.php?rest_route=\/wp\/v2\/pages"}],"about":[{"href":"https:\/\/stachelbart-verlag.de\/index.php?rest_route=\/wp\/v2\/types\/page"}],"author":[{"embeddable":true,"href":"https:\/\/stachelbart-verlag.de\/index.php?rest_route=\/wp\/v2\/users\/1"}],"replies":[{"embeddable":true,"href":"https:\/\/stachelbart-verlag.de\/index.php?rest_route=%2Fwp%2Fv2%2Fcomments&post=817"}],"version-history":[{"count":2,"href":"https:\/\/stachelbart-verlag.de\/index.php?rest_route=\/wp\/v2\/pages\/817\/revisions"}],"predecessor-version":[{"id":1513,"href":"https:\/\/stachelbart-verlag.de\/index.php?rest_route=\/wp\/v2\/pages\/817\/revisions\/1513"}],"wp:attachment":[{"href":"https:\/\/stachelbart-verlag.de\/index.php?rest_route=%2Fwp%2Fv2%2Fmedia&parent=817"}],"curies":[{"name":"wp","href":"https:\/\/api.w.org\/{rel}","templated":true}]}}