{"id":91,"date":"2020-04-01T12:24:43","date_gmt":"2020-04-01T10:24:43","guid":{"rendered":"https:\/\/demosites.io\/book-shop\/?page_id=91"},"modified":"2023-06-06T13:51:26","modified_gmt":"2023-06-06T11:51:26","slug":"presse","status":"publish","type":"page","link":"https:\/\/stachelbart-verlag.de\/?page_id=91","title":{"rendered":"Presse"},"content":{"rendered":"\n\n<h1>Presse<\/h1>\nLiebe Kolleginnen und Kollegen,\n<p>vielen Dank f\u00fcr Ihr Interesse! Pressevertretern senden wir gern Rezensionsexemplare unserer Titel. Bitte lassen Sie uns dazu per <a href=\"mailto:info@stachelbart-verlag.de\">Mail<\/a> oder \u00fcber unser Kontaktformular wissen, welches Buch Sie besprechen m\u00f6chten und f\u00fcr welches Medium Sie schreiben. Gern stellen wir auch den Kontakt zu unseren <a href=\"https:\/\/stachelbart-verlag.de\/autoren\/\">Autorinnen und Autoren<\/a> f\u00fcr Interviews oder Hintergrundgespr\u00e4che her. Bitte nehmen Sie Kontakt zu uns auf, wenn Sie zus\u00e4tzliche Informationen oder weiteres Material ben\u00f6tigen.<\/p>\n\t\t\t\t<img data-recalc-dims=\"1\" loading=\"lazy\" decoding=\"async\" src=\"https:\/\/i0.wp.com\/stachelbart-verlag.de\/wp-content\/uploads\/2021\/08\/Buchmesse.jpg-for-web-large.jpg?resize=242%2C265&#038;ssl=1\" alt=\"Besucher vor dem Stand des Stachelbart-Verlages auf der Leipziger Buchmesse.\" itemprop=\"image\" height=\"265\" width=\"242\" title=\"Buchmesse.jpg-for-web-large\" onerror=\"this.style.display='none'\"  \/>\n\n","protected":false},"excerpt":{"rendered":"<p>Presse Liebe Kolleginnen und Kollegen, vielen Dank f\u00fcr Ihr Interesse! Pressevertretern senden wir gern Rezensionsexemplare unserer Titel. Bitte lassen Sie uns dazu per Mail oder \u00fcber unser Kontaktformular wissen, welches Buch Sie besprechen m\u00f6chten und f\u00fcr welches Medium Sie schreiben. Gern stellen wir auch den Kontakt zu unseren Autorinnen und Autoren f\u00fcr Interviews oder Hintergrundgespr\u00e4che&hellip;&nbsp;<a href=\"https:\/\/stachelbart-verlag.de\/?page_id=91\" rel=\"bookmark\">Weiterlesen &raquo;<span class=\"screen-reader-text\">Presse<\/span><\/a><\/p>\n","protected":false},"author":1,"featured_media":0,"parent":0,"menu_order":0,"comment_status":"closed","ping_status":"closed","template":"page-templates\/template-pagebuilder-full-width.php","meta":{"neve_meta_sidebar":"full-width","neve_meta_container":"","neve_meta_enable_content_width":"on","neve_meta_content_width":100,"neve_meta_title_alignment":"","neve_meta_author_avatar":"","neve_post_elements_order":"","neve_meta_disable_header":"","neve_meta_disable_footer":"","neve_meta_disable_title":"","footnotes":""},"class_list":["post-91","page","type-page","status-publish","hentry"],"jetpack_sharing_enabled":true,"_links":{"self":[{"href":"https:\/\/stachelbart-verlag.de\/index.php?rest_route=\/wp\/v2\/pages\/91","targetHints":{"allow":["GET"]}}],"collection":[{"href":"https:\/\/stachelbart-verlag.de\/index.php?rest_route=\/wp\/v2\/pages"}],"about":[{"href":"https:\/\/stachelbart-verlag.de\/index.php?rest_route=\/wp\/v2\/types\/page"}],"author":[{"embeddable":true,"href":"https:\/\/stachelbart-verlag.de\/index.php?rest_route=\/wp\/v2\/users\/1"}],"replies":[{"embeddable":true,"href":"https:\/\/stachelbart-verlag.de\/index.php?rest_route=%2Fwp%2Fv2%2Fcomments&post=91"}],"version-history":[{"count":2,"href":"https:\/\/stachelbart-verlag.de\/index.php?rest_route=\/wp\/v2\/pages\/91\/revisions"}],"predecessor-version":[{"id":1363,"href":"https:\/\/stachelbart-verlag.de\/index.php?rest_route=\/wp\/v2\/pages\/91\/revisions\/1363"}],"wp:attachment":[{"href":"https:\/\/stachelbart-verlag.de\/index.php?rest_route=%2Fwp%2Fv2%2Fmedia&parent=91"}],"curies":[{"name":"wp","href":"https:\/\/api.w.org\/{rel}","templated":true}]}}