{"id":26,"date":"2020-03-31T08:20:30","date_gmt":"2020-03-31T06:20:30","guid":{"rendered":"https:\/\/demosites.io\/book-shop\/?post_type=product&#038;p=26"},"modified":"2021-08-20T12:45:37","modified_gmt":"2021-08-20T10:45:37","slug":"knaeuel","status":"publish","type":"product","link":"https:\/\/stachelbart-verlag.de\/?product=knaeuel","title":{"rendered":"Frank Weniger: &#8222;Kn\u00e4uel&#8220;"},"content":{"rendered":"<p>Sam w\u00fcnscht sich nichts sehnlicher als einen Hund. Einen, der da ist, wenn niemand sonst Zeit f\u00fcr ihn hat, weil Mama sich den ganzen Nachmittag um seine kleine Schwester Martha k\u00fcmmert und Papa bis abends arbeitet. Einen Spielgef\u00e4hrten, der vor Freude bellt, kaum dass Sam das Haus betritt, dem er \u00fcbers Fell streicheln kann und der alle Geheimnisse f\u00fcr sich beh\u00e4lt. Doch Martha hat Angst vor Hunden. Martha ist schon bald ein Schulkind, braucht aber so viel Hilfe wie eines, das gerade in den Kindergarten kommt. Also muss Sams gr\u00f6\u00dfter Wunsch zur\u00fcckstehen. Nur wegen Martha!<\/p>\n<p>Blo\u00df gut, dass jemand in der N\u00e4he wohnt, der Sam versteht: Opa. Wenn der doch wenigstens einen kleinen Hund aus dem Hut zaubern k\u00f6nnte &#8230;<\/p>\n<p>126 Seiten, Hardcover, 1. Aufl. 2019<\/p>\n","protected":false},"excerpt":{"rendered":"<p>Sam w\u00fcnscht sich nichts sehnlicher als einen Hund. Einen, der da ist, wenn niemand sonst Zeit f\u00fcr ihn hat, weil Mama sich den ganzen Nachmittag um seine kleine Schwester Martha k\u00fcmmert und Papa bis abends arbeitet. Einen Spielgef\u00e4hrten, der vor Freude bellt, kaum dass Sam das Haus betritt, dem er \u00fcbers Fell streicheln kann und der alle Geheimnisse f\u00fcr sich beh\u00e4lt. Doch Martha hat Angst vor Hunden. Martha ist schon bald ein Schulkind, braucht aber so viel Hilfe wie eines, das gerade in den Kindergarten kommt. Also muss Sams gr\u00f6\u00dfter Wunsch zur\u00fcckstehen. Nur wegen Martha!<\/p>\n<p>Blo\u00df gut, dass jemand in der N\u00e4he wohnt, der Sam versteht: Opa. Wenn der doch wenigstens einen kleinen Hund aus dem Hut zaubern k\u00f6nnte &#8230;<\/p>\n","protected":false},"featured_media":877,"comment_status":"open","ping_status":"closed","template":"","meta":{"neve_meta_sidebar":"","neve_meta_container":"","neve_meta_enable_content_width":"off","neve_meta_content_width":70,"neve_meta_title_alignment":"","neve_meta_author_avatar":"","neve_post_elements_order":"","neve_meta_disable_header":"","neve_meta_disable_footer":"","neve_meta_disable_title":""},"product_brand":[],"product_cat":[35,41,43],"product_tag":[71,75,76,77],"class_list":{"0":"post-26","1":"product","2":"type-product","3":"status-publish","4":"has-post-thumbnail","6":"product_cat-abenteuer","7":"product_cat-kids","8":"product_cat-sachbuch","9":"product_tag-abenteuer","10":"product_tag-freundschaft","11":"product_tag-haustier","12":"product_tag-down-syndrom","14":"first","15":"instock","16":"shipping-taxable","17":"purchasable","18":"product-type-simple"},"jetpack_sharing_enabled":true,"_links":{"self":[{"href":"https:\/\/stachelbart-verlag.de\/index.php?rest_route=\/wp\/v2\/product\/26","targetHints":{"allow":["GET"]}}],"collection":[{"href":"https:\/\/stachelbart-verlag.de\/index.php?rest_route=\/wp\/v2\/product"}],"about":[{"href":"https:\/\/stachelbart-verlag.de\/index.php?rest_route=\/wp\/v2\/types\/product"}],"replies":[{"embeddable":true,"href":"https:\/\/stachelbart-verlag.de\/index.php?rest_route=%2Fwp%2Fv2%2Fcomments&post=26"}],"wp:featuredmedia":[{"embeddable":true,"href":"https:\/\/stachelbart-verlag.de\/index.php?rest_route=\/wp\/v2\/media\/877"}],"wp:attachment":[{"href":"https:\/\/stachelbart-verlag.de\/index.php?rest_route=%2Fwp%2Fv2%2Fmedia&parent=26"}],"wp:term":[{"taxonomy":"product_brand","embeddable":true,"href":"https:\/\/stachelbart-verlag.de\/index.php?rest_route=%2Fwp%2Fv2%2Fproduct_brand&post=26"},{"taxonomy":"product_cat","embeddable":true,"href":"https:\/\/stachelbart-verlag.de\/index.php?rest_route=%2Fwp%2Fv2%2Fproduct_cat&post=26"},{"taxonomy":"product_tag","embeddable":true,"href":"https:\/\/stachelbart-verlag.de\/index.php?rest_route=%2Fwp%2Fv2%2Fproduct_tag&post=26"}],"curies":[{"name":"wp","href":"https:\/\/api.w.org\/{rel}","templated":true}]}}