{"id":28,"date":"2020-03-31T08:22:25","date_gmt":"2020-03-31T06:22:25","guid":{"rendered":"https:\/\/demosites.io\/book-shop\/?post_type=product&#038;p=28"},"modified":"2022-11-11T17:18:57","modified_gmt":"2022-11-11T16:18:57","slug":"opas-geheimnis","status":"publish","type":"product","link":"https:\/\/stachelbart-verlag.de\/?product=opas-geheimnis","title":{"rendered":"Herbert Beckmann: &#8222;Opas Geheimnis&#8220;"},"content":{"rendered":"<p>F\u00fcr Krissie kann es nichts Sch\u00f6neres geben, als die Sommerferien in dem gro\u00dfen alten Haus am Meer zu verbringen. Zusammen mit Mama und Sir Maxwell, ihrem kleinen Hund. Und wie jedes Jahr freut sie sich, dort ihre Freundin Maja mit ihren Geschwistern Philli und Tabea zu treffen. Diesmal jedoch machen zu Krissies \u00dcberraschung auch Oma und Opa mit ihnen Urlaub. \u00dcber Oma freut sie sich. Aber Opa? Mit ihm hat sie sich schon fr\u00fcher nicht verstanden. Und auch jetzt hat sie bald Grund, sich \u00fcber ihn zu \u00e4rgern.<\/p>\n<p>Doch mit der Zeit merkt Krissie, dass sich Opa anders verh\u00e4lt als fr\u00fcher. Was ist los mit Opa? Krissie nimmt sich fest vor, noch in den Ferien hinter Opas Geheimnis zu kommen.<\/p>\n<p>64 Seiten, Hardcover, 1. Aufl. 2018<\/p>\n","protected":false},"excerpt":{"rendered":"<p>F\u00fcr Krissie kann es nichts Sch\u00f6neres geben, als die Sommerferien in dem gro\u00dfen alten Haus am Meer zu verbringen. Zusammen mit Mama und Sir Maxwell, ihrem kleinen Hund. Und wie jedes Jahr freut sie sich, dort ihre Freundin Maja mit ihren Geschwistern Philli und Tabea zu treffen. Diesmal jedoch machen zu Krissies \u00dcberraschung auch Oma und Opa mit ihnen Urlaub. \u00dcber Oma freut sie sich. Aber Opa? Mit ihm hat sie sich schon fr\u00fcher nicht verstanden. Und auch jetzt hat sie bald Grund, sich \u00fcber ihn zu \u00e4rgern.<\/p>\n<p>Doch mit der Zeit merkt Krissie, dass sich Opa anders verh\u00e4lt als fr\u00fcher. Was ist los mit Opa? Krissie nimmt sich fest vor, noch in den Ferien hinter Opas Geheimnis zu kommen.<\/p>\n","protected":false},"featured_media":876,"comment_status":"open","ping_status":"closed","template":"","meta":{"neve_meta_sidebar":"","neve_meta_container":"","neve_meta_enable_content_width":"off","neve_meta_content_width":70,"neve_meta_title_alignment":"","neve_meta_author_avatar":"","neve_post_elements_order":"","neve_meta_disable_header":"","neve_meta_disable_footer":"","neve_meta_disable_title":""},"product_brand":[],"product_cat":[35,41,43],"product_tag":[71,72,73,74],"class_list":{"0":"post-28","1":"product","2":"type-product","3":"status-publish","4":"has-post-thumbnail","6":"product_cat-abenteuer","7":"product_cat-kids","8":"product_cat-sachbuch","9":"product_tag-abenteuer","10":"product_tag-demenz","11":"product_tag-urlaub","12":"product_tag-strand","14":"first","15":"instock","16":"shipping-taxable","17":"purchasable","18":"product-type-simple"},"jetpack_sharing_enabled":true,"_links":{"self":[{"href":"https:\/\/stachelbart-verlag.de\/index.php?rest_route=\/wp\/v2\/product\/28","targetHints":{"allow":["GET"]}}],"collection":[{"href":"https:\/\/stachelbart-verlag.de\/index.php?rest_route=\/wp\/v2\/product"}],"about":[{"href":"https:\/\/stachelbart-verlag.de\/index.php?rest_route=\/wp\/v2\/types\/product"}],"replies":[{"embeddable":true,"href":"https:\/\/stachelbart-verlag.de\/index.php?rest_route=%2Fwp%2Fv2%2Fcomments&post=28"}],"wp:featuredmedia":[{"embeddable":true,"href":"https:\/\/stachelbart-verlag.de\/index.php?rest_route=\/wp\/v2\/media\/876"}],"wp:attachment":[{"href":"https:\/\/stachelbart-verlag.de\/index.php?rest_route=%2Fwp%2Fv2%2Fmedia&parent=28"}],"wp:term":[{"taxonomy":"product_brand","embeddable":true,"href":"https:\/\/stachelbart-verlag.de\/index.php?rest_route=%2Fwp%2Fv2%2Fproduct_brand&post=28"},{"taxonomy":"product_cat","embeddable":true,"href":"https:\/\/stachelbart-verlag.de\/index.php?rest_route=%2Fwp%2Fv2%2Fproduct_cat&post=28"},{"taxonomy":"product_tag","embeddable":true,"href":"https:\/\/stachelbart-verlag.de\/index.php?rest_route=%2Fwp%2Fv2%2Fproduct_tag&post=28"}],"curies":[{"name":"wp","href":"https:\/\/api.w.org\/{rel}","templated":true}]}}