{"id":460,"date":"2021-08-02T10:11:41","date_gmt":"2021-08-02T08:11:41","guid":{"rendered":"https:\/\/stachelbart-verlag.de\/?post_type=product&#038;p=460"},"modified":"2024-11-24T07:19:46","modified_gmt":"2024-11-24T06:19:46","slug":"frauke-angel-und-jana-pischang-suki-und-die-alten-tanten","status":"publish","type":"product","link":"https:\/\/stachelbart-verlag.de\/?product=frauke-angel-und-jana-pischang-suki-und-die-alten-tanten","title":{"rendered":"Frauke Angel: &#8222;Suki und die alten Tanten&#8220;"},"content":{"rendered":"<p>Mami erwartet ein Baby. Von dieser Nachricht sind Else, D\u00f6rte und Waltraud ganz hingerissen. Deshalb macht es den alten Tanten auch fast nichts aus, als das Baby mit einem Ringelschwanz zur Welt kommt. Davon abgesehen ist Suki n\u00e4mlich vollkommen normal.<\/p>\n<p>Doch andere zeigen sich besorgt: Ist Sukis Vater vielleicht ein Schwein und seine Tochter saudumm und obendrein nicht stubenrein? Solche Gemeinheiten will Mami ihrer Tochter nicht zumuten, weshalb sie Hilfe bei Dr. Heilmann sucht. Und der wei\u00df tats\u00e4chlich eine L\u00f6sung: Sukis Ringel muss weg.<\/p>\n<p>Die alten Tanten sind emp\u00f6rt. Was f\u00fcr ein saubl\u00f6der Einfall! Zusammen haben sie eine bessere Idee. Und von der ist nicht nur Suki begeistert &#8230;<\/p>\n<p>28 Seiten, farbig illustriert, Hardcover<\/p>\n","protected":false},"excerpt":{"rendered":"<p>&#8230; wie man dabei helfen kann, dass\u00a0 niemand sich wegen seines Aussehens verstecken muss &#8211;<\/p>\n<p>f\u00fcr Kinder ab 4 Jahren<\/p>\n<p>28 Seiten, durchgehend farbig illustriert, Hardcover<\/p>\n","protected":false},"featured_media":874,"comment_status":"open","ping_status":"closed","template":"","meta":{"neve_meta_sidebar":"","neve_meta_container":"","neve_meta_enable_content_width":"off","neve_meta_content_width":70,"neve_meta_title_alignment":"","neve_meta_author_avatar":"","neve_post_elements_order":"","neve_meta_disable_header":"","neve_meta_disable_footer":"","neve_meta_disable_title":""},"product_brand":[],"product_cat":[35,41,43],"product_tag":[78,79,88,89],"class_list":{"0":"post-460","1":"product","2":"type-product","3":"status-publish","4":"has-post-thumbnail","6":"product_cat-abenteuer","7":"product_cat-kids","8":"product_cat-sachbuch","9":"product_tag-anderssein","10":"product_tag-vielfalt","11":"product_tag-schweinerei","12":"product_tag-kunterbunt","14":"first","15":"instock","16":"shipping-taxable","17":"purchasable","18":"product-type-simple"},"jetpack_sharing_enabled":true,"_links":{"self":[{"href":"https:\/\/stachelbart-verlag.de\/index.php?rest_route=\/wp\/v2\/product\/460","targetHints":{"allow":["GET"]}}],"collection":[{"href":"https:\/\/stachelbart-verlag.de\/index.php?rest_route=\/wp\/v2\/product"}],"about":[{"href":"https:\/\/stachelbart-verlag.de\/index.php?rest_route=\/wp\/v2\/types\/product"}],"replies":[{"embeddable":true,"href":"https:\/\/stachelbart-verlag.de\/index.php?rest_route=%2Fwp%2Fv2%2Fcomments&post=460"}],"wp:featuredmedia":[{"embeddable":true,"href":"https:\/\/stachelbart-verlag.de\/index.php?rest_route=\/wp\/v2\/media\/874"}],"wp:attachment":[{"href":"https:\/\/stachelbart-verlag.de\/index.php?rest_route=%2Fwp%2Fv2%2Fmedia&parent=460"}],"wp:term":[{"taxonomy":"product_brand","embeddable":true,"href":"https:\/\/stachelbart-verlag.de\/index.php?rest_route=%2Fwp%2Fv2%2Fproduct_brand&post=460"},{"taxonomy":"product_cat","embeddable":true,"href":"https:\/\/stachelbart-verlag.de\/index.php?rest_route=%2Fwp%2Fv2%2Fproduct_cat&post=460"},{"taxonomy":"product_tag","embeddable":true,"href":"https:\/\/stachelbart-verlag.de\/index.php?rest_route=%2Fwp%2Fv2%2Fproduct_tag&post=460"}],"curies":[{"name":"wp","href":"https:\/\/api.w.org\/{rel}","templated":true}]}}