{"id":465,"date":"2021-08-02T10:21:33","date_gmt":"2021-08-02T08:21:33","guid":{"rendered":"https:\/\/stachelbart-verlag.de\/?post_type=product&#038;p=465"},"modified":"2025-03-17T16:15:41","modified_gmt":"2025-03-17T15:15:41","slug":"gehst-du-mit-mir-pilze-suchen","status":"publish","type":"product","link":"https:\/\/stachelbart-verlag.de\/?product=gehst-du-mit-mir-pilze-suchen","title":{"rendered":"&#8222;Gehst Du mit mir Pilze suchen?&#8220;"},"content":{"rendered":"<p>Schon kleine Kinder sind von Pilzen fasziniert. Eltern jedoch haben Angst vor Vergiftungen. Mahnungen wie \u201eLass die Finger davon!\u201c sind da wenig hilfreich. Denn gerade Kinder pr\u00fcfen das, was sie interessiert, gern selbst auf Geschmack und Bek\u00f6mmlichkeit. Wer ihr Interesse am geheimnisvollen Reich der Pilze aber ernst nimmt, der f\u00f6rdert Neugierde und Freude am Entdecken. Kenner wissen: Pilze sammeln schult die F\u00e4higkeit, genau hinzusehen und wichtige Details zu erfassen.<\/p>\n<p>Dieses Buch l\u00e4dt ein zu einem Streifzug durch Wald und Garten. H\u00e4ufig vorkommende Pilze sind in farbigen Raumbildern besonders realit\u00e4tsnah wiedergegeben und ebenso kindgerecht wie einpr\u00e4gsam beschrieben: Zum Betrachten der 3D-Fotos liegt eine &#8222;Zauberbrille&#8220; bei \u2013 nat\u00fcrlich nur f\u00fcr Regentage.<\/p>\n<p>48 Seiten, 3D-Fotos &amp; Spezialbrille, Hardcover, 1. Aufl. 2011<\/p>\n","protected":false},"excerpt":{"rendered":"<p>Schon kleine Kinder sind von Pilzen fasziniert. Eltern jedoch haben Angst vor Vergiftungen. Mahnungen wie \u201eLass die Finger davon!\u201c sind da wenig hilfreich. Denn gerade Kinder pr\u00fcfen das, was sie interessiert, gern selbst auf Geschmack und Bek\u00f6mmlichkeit. Wer ihr Interesse am geheimnisvollen Reich der Pilze aber ernst nimmt, der f\u00f6rdert Neugierde und Freude am Entdecken. Kenner wissen: Pilze sammeln schult die F\u00e4higkeit, genau hinzusehen und wichtige Details zu erfassen.<\/p>\n","protected":false},"featured_media":873,"comment_status":"open","ping_status":"closed","template":"","meta":{"neve_meta_sidebar":"","neve_meta_container":"","neve_meta_enable_content_width":"off","neve_meta_content_width":70,"neve_meta_title_alignment":"","neve_meta_author_avatar":"","neve_post_elements_order":"","neve_meta_disable_header":"","neve_meta_disable_footer":"","neve_meta_disable_title":""},"product_brand":[],"product_cat":[35,41,43],"product_tag":[79,84,87],"class_list":{"0":"post-465","1":"product","2":"type-product","3":"status-publish","4":"has-post-thumbnail","6":"product_cat-abenteuer","7":"product_cat-kids","8":"product_cat-sachbuch","9":"product_tag-vielfalt","10":"product_tag-natur","11":"product_tag-pilze","13":"first","14":"outofstock","15":"shipping-taxable","16":"purchasable","17":"product-type-simple"},"jetpack_sharing_enabled":true,"_links":{"self":[{"href":"https:\/\/stachelbart-verlag.de\/index.php?rest_route=\/wp\/v2\/product\/465","targetHints":{"allow":["GET"]}}],"collection":[{"href":"https:\/\/stachelbart-verlag.de\/index.php?rest_route=\/wp\/v2\/product"}],"about":[{"href":"https:\/\/stachelbart-verlag.de\/index.php?rest_route=\/wp\/v2\/types\/product"}],"replies":[{"embeddable":true,"href":"https:\/\/stachelbart-verlag.de\/index.php?rest_route=%2Fwp%2Fv2%2Fcomments&post=465"}],"wp:featuredmedia":[{"embeddable":true,"href":"https:\/\/stachelbart-verlag.de\/index.php?rest_route=\/wp\/v2\/media\/873"}],"wp:attachment":[{"href":"https:\/\/stachelbart-verlag.de\/index.php?rest_route=%2Fwp%2Fv2%2Fmedia&parent=465"}],"wp:term":[{"taxonomy":"product_brand","embeddable":true,"href":"https:\/\/stachelbart-verlag.de\/index.php?rest_route=%2Fwp%2Fv2%2Fproduct_brand&post=465"},{"taxonomy":"product_cat","embeddable":true,"href":"https:\/\/stachelbart-verlag.de\/index.php?rest_route=%2Fwp%2Fv2%2Fproduct_cat&post=465"},{"taxonomy":"product_tag","embeddable":true,"href":"https:\/\/stachelbart-verlag.de\/index.php?rest_route=%2Fwp%2Fv2%2Fproduct_tag&post=465"}],"curies":[{"name":"wp","href":"https:\/\/api.w.org\/{rel}","templated":true}]}}