{"id":467,"date":"2021-08-02T10:25:47","date_gmt":"2021-08-02T08:25:47","guid":{"rendered":"https:\/\/stachelbart-verlag.de\/?post_type=product&#038;p=467"},"modified":"2024-11-24T07:35:43","modified_gmt":"2024-11-24T06:35:43","slug":"holm-schneider-wie-der-pleitegeier-verschwand","status":"publish","type":"product","link":"https:\/\/stachelbart-verlag.de\/?product=holm-schneider-wie-der-pleitegeier-verschwand","title":{"rendered":"Holm Schneider: &#8222;Wie der Pleitegeier verschwand&#8220;"},"content":{"rendered":"<p>Die verlassene \u00d6lfabrik, in der Flo an hei\u00dfen Sommertagen Zuflucht gefunden hat, soll abgerissen werden. Zutritt verboten! Ein harter Schlag f\u00fcr einen, der nicht schwitzen kann und sich deshalb vor der Sonne verstecken muss \u2026 Zum Gl\u00fcck gibt es Carolin, die ist nie lange ratlos. Aber kann man einer Freundin wie ihr auch ein echtes Geheimnis anvertrauen?<\/p>\n<p>Hier ist er: der zweite Band \u00fcber Flo und Carolin, die anders aussehen als die meisten Kinder. Wieder werden die beiden in ein Abenteuer verstrickt, das heftiges Herzklopfen hervorruft. Und auch diesmal gelingt es ihnen auf einzigartige Weise, jemandem aus der Patsche zu helfen \u2026<\/p>\n<p>48 Seiten, Hardcover, 1. Aufl. 2012<\/p>\n","protected":false},"excerpt":{"rendered":"<p>Die verlassene \u00d6lfabrik, in der Flo an hei\u00dfen Sommertagen Zuflucht gefunden hat, soll abgerissen werden. Zutritt verboten! Ein harter Schlag f\u00fcr einen, der nicht schwitzen kann und sich deshalb vor der Sonne verstecken muss \u2026 Zum Gl\u00fcck gibt es Carolin, die ist nie lange ratlos. Aber kann man einer Freundin wie ihr auch ein echtes Geheimnis anvertrauen?<\/p>\n","protected":false},"featured_media":872,"comment_status":"open","ping_status":"closed","template":"","meta":{"neve_meta_sidebar":"","neve_meta_container":"","neve_meta_enable_content_width":"off","neve_meta_content_width":70,"neve_meta_title_alignment":"","neve_meta_author_avatar":"","neve_post_elements_order":"","neve_meta_disable_header":"","neve_meta_disable_footer":"","neve_meta_disable_title":""},"product_brand":[],"product_cat":[35,41,43],"product_tag":[69,71,79,80,84],"class_list":{"0":"post-467","1":"product","2":"type-product","3":"status-publish","4":"has-post-thumbnail","6":"product_cat-abenteuer","7":"product_cat-kids","8":"product_cat-sachbuch","9":"product_tag-behinderung","10":"product_tag-abenteuer","11":"product_tag-vielfalt","12":"product_tag-inklusion","13":"product_tag-natur","15":"first","16":"instock","17":"shipping-taxable","18":"purchasable","19":"product-type-simple"},"jetpack_sharing_enabled":true,"_links":{"self":[{"href":"https:\/\/stachelbart-verlag.de\/index.php?rest_route=\/wp\/v2\/product\/467","targetHints":{"allow":["GET"]}}],"collection":[{"href":"https:\/\/stachelbart-verlag.de\/index.php?rest_route=\/wp\/v2\/product"}],"about":[{"href":"https:\/\/stachelbart-verlag.de\/index.php?rest_route=\/wp\/v2\/types\/product"}],"replies":[{"embeddable":true,"href":"https:\/\/stachelbart-verlag.de\/index.php?rest_route=%2Fwp%2Fv2%2Fcomments&post=467"}],"wp:featuredmedia":[{"embeddable":true,"href":"https:\/\/stachelbart-verlag.de\/index.php?rest_route=\/wp\/v2\/media\/872"}],"wp:attachment":[{"href":"https:\/\/stachelbart-verlag.de\/index.php?rest_route=%2Fwp%2Fv2%2Fmedia&parent=467"}],"wp:term":[{"taxonomy":"product_brand","embeddable":true,"href":"https:\/\/stachelbart-verlag.de\/index.php?rest_route=%2Fwp%2Fv2%2Fproduct_brand&post=467"},{"taxonomy":"product_cat","embeddable":true,"href":"https:\/\/stachelbart-verlag.de\/index.php?rest_route=%2Fwp%2Fv2%2Fproduct_cat&post=467"},{"taxonomy":"product_tag","embeddable":true,"href":"https:\/\/stachelbart-verlag.de\/index.php?rest_route=%2Fwp%2Fv2%2Fproduct_tag&post=467"}],"curies":[{"name":"wp","href":"https:\/\/api.w.org\/{rel}","templated":true}]}}