{"id":470,"date":"2021-08-02T10:29:19","date_gmt":"2021-08-02T08:29:19","guid":{"rendered":"https:\/\/stachelbart-verlag.de\/?post_type=product&#038;p=470"},"modified":"2024-11-24T07:34:01","modified_gmt":"2024-11-24T06:34:01","slug":"julian-eibert-meine-schwester-wohnt-im-himmel","status":"publish","type":"product","link":"https:\/\/stachelbart-verlag.de\/?product=julian-eibert-meine-schwester-wohnt-im-himmel","title":{"rendered":"Julian Eibert: &#8222;Meine Schwester wohnt im Himmel&#8220;"},"content":{"rendered":"<p>Wohin geht ein kleines Kind, wenn es stirbt? Wird es ein Engel, wie manche meinen? Julians Tagebuch erz\u00e4hlt, wie der Elfj\u00e4hrige die schwere Krankheit seiner kleinen Schwester, ihren Tod und die Trauer um sie erlebte. Pl\u00f6tzlich war alles anders.<\/p>\n<p>Eine wahre Geschichte, die zu Herzen geht und voller Hoffnung steckt.<\/p>\n<p>48 Seiten, Hardcover, 1. Aufl. 2012<\/p>\n","protected":false},"excerpt":{"rendered":"<p>Wohin geht ein kleines Kind, wenn es stirbt? Wird es ein Engel, wie manche meinen? Julians Tagebuch erz\u00e4hlt, wie der Elfj\u00e4hrige die schwere Krankheit seiner kleinen Schwester, ihren Tod und die Trauer um sie erlebte. Pl\u00f6tzlich war alles anders.<\/p>\n<p>Eine wahre Geschichte, die zu Herzen geht und voller Hoffnung steckt.<\/p>\n","protected":false},"featured_media":870,"comment_status":"open","ping_status":"closed","template":"","meta":{"neve_meta_sidebar":"","neve_meta_container":"","neve_meta_enable_content_width":"off","neve_meta_content_width":70,"neve_meta_title_alignment":"","neve_meta_author_avatar":"","neve_post_elements_order":"","neve_meta_disable_header":"","neve_meta_disable_footer":"","neve_meta_disable_title":""},"product_brand":[],"product_cat":[35,41,43],"product_tag":[82,90,91,92,93],"class_list":{"0":"post-470","1":"product","2":"type-product","3":"status-publish","4":"has-post-thumbnail","6":"product_cat-abenteuer","7":"product_cat-kids","8":"product_cat-sachbuch","9":"product_tag-krebs","10":"product_tag-tod","11":"product_tag-trauer","12":"product_tag-geschwisterliebe","13":"product_tag-hoffnung","15":"first","16":"instock","17":"shipping-taxable","18":"purchasable","19":"product-type-simple"},"jetpack_sharing_enabled":true,"_links":{"self":[{"href":"https:\/\/stachelbart-verlag.de\/index.php?rest_route=\/wp\/v2\/product\/470","targetHints":{"allow":["GET"]}}],"collection":[{"href":"https:\/\/stachelbart-verlag.de\/index.php?rest_route=\/wp\/v2\/product"}],"about":[{"href":"https:\/\/stachelbart-verlag.de\/index.php?rest_route=\/wp\/v2\/types\/product"}],"replies":[{"embeddable":true,"href":"https:\/\/stachelbart-verlag.de\/index.php?rest_route=%2Fwp%2Fv2%2Fcomments&post=470"}],"wp:featuredmedia":[{"embeddable":true,"href":"https:\/\/stachelbart-verlag.de\/index.php?rest_route=\/wp\/v2\/media\/870"}],"wp:attachment":[{"href":"https:\/\/stachelbart-verlag.de\/index.php?rest_route=%2Fwp%2Fv2%2Fmedia&parent=470"}],"wp:term":[{"taxonomy":"product_brand","embeddable":true,"href":"https:\/\/stachelbart-verlag.de\/index.php?rest_route=%2Fwp%2Fv2%2Fproduct_brand&post=470"},{"taxonomy":"product_cat","embeddable":true,"href":"https:\/\/stachelbart-verlag.de\/index.php?rest_route=%2Fwp%2Fv2%2Fproduct_cat&post=470"},{"taxonomy":"product_tag","embeddable":true,"href":"https:\/\/stachelbart-verlag.de\/index.php?rest_route=%2Fwp%2Fv2%2Fproduct_tag&post=470"}],"curies":[{"name":"wp","href":"https:\/\/api.w.org\/{rel}","templated":true}]}}