{"id":475,"date":"2021-08-02T10:39:46","date_gmt":"2021-08-02T08:39:46","guid":{"rendered":"https:\/\/stachelbart-verlag.de\/?post_type=product&#038;p=475"},"modified":"2022-10-19T18:59:06","modified_gmt":"2022-10-19T16:59:06","slug":"peter-guckes-ist-es-noch-weit","status":"publish","type":"product","link":"https:\/\/stachelbart-verlag.de\/?product=peter-guckes-ist-es-noch-weit","title":{"rendered":"Peter Guckes: &#8222;Ist es noch weit?&#8220;\u00a0"},"content":{"rendered":"<p>Ist es noch weit?&#8220;, wollen die lieben Kleinen wissen, obwohl sie gerade erst einen Fu\u00df vor die T\u00fcr gesetzt haben. Eine Frage, die Erwachsenen manchmal Schwei\u00dfperlen auf die Stirn treibt &#8230;<\/p>\n<p>Wie gut, dass es Antworten gibt, die jeden noch so langen, \u00f6den Weg\u00a0 im Handumdrehen in ein spannendes Abenteuer verwandeln &#8211; so wie in diesem Buch.<\/p>\n<p>24 illustrierte Seiten, Hardcover, 1. Aufl. 2012<\/p>\n","protected":false},"excerpt":{"rendered":"<p>Ist es noch weit?&#8220;, wollen die lieben Kleinen wissen, obwohl sie gerade erst einen Fu\u00df vor die T\u00fcr gesetzt haben. Eine Frage, die Erwachsenen manchmal Schwei\u00dfperlen auf die Stirn treibt &#8230;<\/p>\n<p>Wie gut, dass es Antworten gibt, die jeden noch so langen, \u00f6den Weg\u00a0 im Handumdrehen in ein spannendes Abenteuer verwandeln &#8211; so wie in diesem Buch.<\/p>\n","protected":false},"featured_media":868,"comment_status":"open","ping_status":"closed","template":"","meta":{"neve_meta_sidebar":"","neve_meta_container":"","neve_meta_enable_content_width":"off","neve_meta_content_width":70,"neve_meta_title_alignment":"","neve_meta_author_avatar":"","neve_post_elements_order":"","neve_meta_disable_header":"","neve_meta_disable_footer":"","neve_meta_disable_title":""},"product_brand":[],"product_cat":[35,41,43],"product_tag":[],"class_list":{"0":"post-475","1":"product","2":"type-product","3":"status-publish","4":"has-post-thumbnail","6":"product_cat-abenteuer","7":"product_cat-kids","8":"product_cat-sachbuch","10":"first","11":"instock","12":"shipping-taxable","13":"purchasable","14":"product-type-simple"},"jetpack_sharing_enabled":true,"_links":{"self":[{"href":"https:\/\/stachelbart-verlag.de\/index.php?rest_route=\/wp\/v2\/product\/475","targetHints":{"allow":["GET"]}}],"collection":[{"href":"https:\/\/stachelbart-verlag.de\/index.php?rest_route=\/wp\/v2\/product"}],"about":[{"href":"https:\/\/stachelbart-verlag.de\/index.php?rest_route=\/wp\/v2\/types\/product"}],"replies":[{"embeddable":true,"href":"https:\/\/stachelbart-verlag.de\/index.php?rest_route=%2Fwp%2Fv2%2Fcomments&post=475"}],"wp:featuredmedia":[{"embeddable":true,"href":"https:\/\/stachelbart-verlag.de\/index.php?rest_route=\/wp\/v2\/media\/868"}],"wp:attachment":[{"href":"https:\/\/stachelbart-verlag.de\/index.php?rest_route=%2Fwp%2Fv2%2Fmedia&parent=475"}],"wp:term":[{"taxonomy":"product_brand","embeddable":true,"href":"https:\/\/stachelbart-verlag.de\/index.php?rest_route=%2Fwp%2Fv2%2Fproduct_brand&post=475"},{"taxonomy":"product_cat","embeddable":true,"href":"https:\/\/stachelbart-verlag.de\/index.php?rest_route=%2Fwp%2Fv2%2Fproduct_cat&post=475"},{"taxonomy":"product_tag","embeddable":true,"href":"https:\/\/stachelbart-verlag.de\/index.php?rest_route=%2Fwp%2Fv2%2Fproduct_tag&post=475"}],"curies":[{"name":"wp","href":"https:\/\/api.w.org\/{rel}","templated":true}]}}