{"id":477,"date":"2021-08-02T10:44:40","date_gmt":"2021-08-02T08:44:40","guid":{"rendered":"https:\/\/stachelbart-verlag.de\/?post_type=product&#038;p=477"},"modified":"2024-11-24T07:32:33","modified_gmt":"2024-11-24T06:32:33","slug":"priska-reis-und-michael-helmrich-superegon","status":"publish","type":"product","link":"https:\/\/stachelbart-verlag.de\/?product=priska-reis-und-michael-helmrich-superegon","title":{"rendered":"Priska Reis und Michael Helmrich: &#8222;SuperEgon&#8220;\u00a0"},"content":{"rendered":"<p>Egon tr\u00e4umt oft davon, ein Superheld zu sein: einer, der \u00fcber H\u00e4user und W\u00e4lder fliegen und mit dem kleinen Finger Stra\u00dfenlaternen umknicken kann \u2013 einer mit Meeegaaaakr\u00e4ften. Als er eines Tages abenteuerlustig durch das Birkenw\u00e4ldchen streift, h\u00f6rt er pl\u00f6tzlich ein Schluchzen, eine Kinderstimme. Was macht ein Superheld mit einem schluchzenden Kind? Nat\u00fcrlich will er helfen. Aber wie? Egon muss beweisen, dass er auch ohne Superkr\u00e4fte mutig ist.<\/p>\n<p>Ein Bilderbuch f\u00fcr Tr\u00e4umer, denen im wirklichen Leben manchmal der Mut fehlt.<\/p>\n<p>24 Seiten, farbig illustriert, Hardcover<\/p>\n","protected":false},"excerpt":{"rendered":"<p>Egon tr\u00e4umt oft davon, ein Superheld zu sein: einer, der \u00fcber H\u00e4user und W\u00e4lder fliegen und mit dem kleinen Finger Stra\u00dfenlaternen umknicken kann \u2013 einer mit Meeegaaaakr\u00e4ften. Als er eines Tages abenteuerlustig durch das Birkenw\u00e4ldchen streift, h\u00f6rt er pl\u00f6tzlich ein Schluchzen, eine Kinderstimme. Was macht ein Superheld mit einem schluchzenden Kind? Nat\u00fcrlich will er helfen. Aber wie? Egon muss beweisen, dass er auch ohne Superkr\u00e4fte mutig ist.<\/p>\n<p>Ein Bilderbuch f\u00fcr Tr\u00e4umer, denen im wirklichen Leben manchmal der Mut fehlt.<\/p>\n","protected":false},"featured_media":867,"comment_status":"open","ping_status":"closed","template":"","meta":{"neve_meta_sidebar":"","neve_meta_container":"","neve_meta_enable_content_width":"off","neve_meta_content_width":70,"neve_meta_title_alignment":"","neve_meta_author_avatar":"","neve_post_elements_order":"","neve_meta_disable_header":"","neve_meta_disable_footer":"","neve_meta_disable_title":""},"product_brand":[],"product_cat":[35,41,43],"product_tag":[71,78,79,94],"class_list":{"0":"post-477","1":"product","2":"type-product","3":"status-publish","4":"has-post-thumbnail","6":"product_cat-abenteuer","7":"product_cat-kids","8":"product_cat-sachbuch","9":"product_tag-abenteuer","10":"product_tag-anderssein","11":"product_tag-vielfalt","12":"product_tag-mut","14":"first","15":"instock","16":"shipping-taxable","17":"purchasable","18":"product-type-simple"},"jetpack_sharing_enabled":true,"_links":{"self":[{"href":"https:\/\/stachelbart-verlag.de\/index.php?rest_route=\/wp\/v2\/product\/477","targetHints":{"allow":["GET"]}}],"collection":[{"href":"https:\/\/stachelbart-verlag.de\/index.php?rest_route=\/wp\/v2\/product"}],"about":[{"href":"https:\/\/stachelbart-verlag.de\/index.php?rest_route=\/wp\/v2\/types\/product"}],"replies":[{"embeddable":true,"href":"https:\/\/stachelbart-verlag.de\/index.php?rest_route=%2Fwp%2Fv2%2Fcomments&post=477"}],"wp:featuredmedia":[{"embeddable":true,"href":"https:\/\/stachelbart-verlag.de\/index.php?rest_route=\/wp\/v2\/media\/867"}],"wp:attachment":[{"href":"https:\/\/stachelbart-verlag.de\/index.php?rest_route=%2Fwp%2Fv2%2Fmedia&parent=477"}],"wp:term":[{"taxonomy":"product_brand","embeddable":true,"href":"https:\/\/stachelbart-verlag.de\/index.php?rest_route=%2Fwp%2Fv2%2Fproduct_brand&post=477"},{"taxonomy":"product_cat","embeddable":true,"href":"https:\/\/stachelbart-verlag.de\/index.php?rest_route=%2Fwp%2Fv2%2Fproduct_cat&post=477"},{"taxonomy":"product_tag","embeddable":true,"href":"https:\/\/stachelbart-verlag.de\/index.php?rest_route=%2Fwp%2Fv2%2Fproduct_tag&post=477"}],"curies":[{"name":"wp","href":"https:\/\/api.w.org\/{rel}","templated":true}]}}