{"id":480,"date":"2021-08-02T10:47:41","date_gmt":"2021-08-02T08:47:41","guid":{"rendered":"https:\/\/stachelbart-verlag.de\/?post_type=product&#038;p=480"},"modified":"2022-02-22T17:36:12","modified_gmt":"2022-02-22T16:36:12","slug":"werner-siegert-markus-der-blumendoktor","status":"publish","type":"product","link":"https:\/\/stachelbart-verlag.de\/?product=werner-siegert-markus-der-blumendoktor","title":{"rendered":"Werner Siegert: &#8222;Markus, der Blumendoktor&#8220;"},"content":{"rendered":"<p>Markus mag alle Pflanzen und Tiere \u2013 nicht nur die gro\u00dfen und pr\u00e4chtigen. Auch den L\u00f6wenzahn am Stra\u00dfenrand und die Spinne in der Ecke. Als der G\u00e4rtner ein mickriges Pfl\u00e4nzchen ausrei\u00dft und zur Seite wirft, nimmt Markus es mit nach Hause. Er will daf\u00fcr sorgen, dass es gro\u00df und stark wird, auch wenn andere Abfall dazu sagen. Und er lernt dabei eine ganze Menge &#8230;<\/p>\n<p>24 Seiten, Hardcover, 1. Aufl. 2014<\/p>\n","protected":false},"excerpt":{"rendered":"<p>Markus mag alle Pflanzen und Tiere \u2013 nicht nur die gro\u00dfen und pr\u00e4chtigen. Auch den L\u00f6wenzahn am Stra\u00dfenrand und die Spinne in der Ecke. Als der G\u00e4rtner ein mickriges Pfl\u00e4nzchen ausrei\u00dft und zur Seite wirft, nimmt Markus es mit nach Hause. Er will daf\u00fcr sorgen, dass es gro\u00df und stark wird, auch wenn andere Abfall dazu sagen. Und er lernt dabei eine ganze Menge &#8230;<\/p>\n","protected":false},"featured_media":862,"comment_status":"open","ping_status":"closed","template":"","meta":{"neve_meta_sidebar":"","neve_meta_container":"","neve_meta_enable_content_width":"off","neve_meta_content_width":70,"neve_meta_title_alignment":"","neve_meta_author_avatar":"","neve_post_elements_order":"","neve_meta_disable_header":"","neve_meta_disable_footer":"","neve_meta_disable_title":""},"product_brand":[],"product_cat":[35,41,43],"product_tag":[78,79,83,84],"class_list":{"0":"post-480","1":"product","2":"type-product","3":"status-publish","4":"has-post-thumbnail","6":"product_cat-abenteuer","7":"product_cat-kids","8":"product_cat-sachbuch","9":"product_tag-anderssein","10":"product_tag-vielfalt","11":"product_tag-blumen","12":"product_tag-natur","14":"first","15":"instock","16":"shipping-taxable","17":"purchasable","18":"product-type-simple"},"jetpack_sharing_enabled":true,"_links":{"self":[{"href":"https:\/\/stachelbart-verlag.de\/index.php?rest_route=\/wp\/v2\/product\/480","targetHints":{"allow":["GET"]}}],"collection":[{"href":"https:\/\/stachelbart-verlag.de\/index.php?rest_route=\/wp\/v2\/product"}],"about":[{"href":"https:\/\/stachelbart-verlag.de\/index.php?rest_route=\/wp\/v2\/types\/product"}],"replies":[{"embeddable":true,"href":"https:\/\/stachelbart-verlag.de\/index.php?rest_route=%2Fwp%2Fv2%2Fcomments&post=480"}],"wp:featuredmedia":[{"embeddable":true,"href":"https:\/\/stachelbart-verlag.de\/index.php?rest_route=\/wp\/v2\/media\/862"}],"wp:attachment":[{"href":"https:\/\/stachelbart-verlag.de\/index.php?rest_route=%2Fwp%2Fv2%2Fmedia&parent=480"}],"wp:term":[{"taxonomy":"product_brand","embeddable":true,"href":"https:\/\/stachelbart-verlag.de\/index.php?rest_route=%2Fwp%2Fv2%2Fproduct_brand&post=480"},{"taxonomy":"product_cat","embeddable":true,"href":"https:\/\/stachelbart-verlag.de\/index.php?rest_route=%2Fwp%2Fv2%2Fproduct_cat&post=480"},{"taxonomy":"product_tag","embeddable":true,"href":"https:\/\/stachelbart-verlag.de\/index.php?rest_route=%2Fwp%2Fv2%2Fproduct_tag&post=480"}],"curies":[{"name":"wp","href":"https:\/\/api.w.org\/{rel}","templated":true}]}}