{"id":482,"date":"2021-08-02T10:50:20","date_gmt":"2021-08-02T08:50:20","guid":{"rendered":"https:\/\/stachelbart-verlag.de\/?post_type=product&#038;p=482"},"modified":"2024-11-24T07:31:02","modified_gmt":"2024-11-24T06:31:02","slug":"holm-schneider-warum-vampire-nicht-gern-rennen","status":"publish","type":"product","link":"https:\/\/stachelbart-verlag.de\/?product=holm-schneider-warum-vampire-nicht-gern-rennen","title":{"rendered":"Holm Schneider: &#8222;Warum Vampire nicht gern rennen&#8220;"},"content":{"rendered":"<p>Flo sieht aus wie ein Vampir und Carolin wie ein Honigkuchen, wenn sie lacht. Wer die beiden kennt, der wei\u00df, wor\u00fcber die anderen Kinder tuscheln. Doch niemand au\u00dfer Carolin hat Flo bisher gefragt, warum er die sch\u00f6nsten Sommernachmittage im Keller der verlassenen \u00d6lfabrik verbringt \u2026 Und als die beiden auf einer Bergwanderung pl\u00f6tzlich Hilferufe h\u00f6ren, ahnt Flo nicht, dass er Carolins Vertrauen auf eine harte Probe stellen wird.<\/p>\n<p>Eine packende Geschichte voller W\u00e4rme und Zuneigung zu Kindern, die anders sind.<\/p>\n<p>48 Seiten, Hardcover, 3. Aufl. 2015<\/p>\n","protected":false},"excerpt":{"rendered":"<p>Flo sieht aus wie ein Vampir und Carolin wie ein Honigkuchen, wenn sie lacht. Wer die beiden kennt, der wei\u00df, wor\u00fcber die anderen Kinder tuscheln. Doch niemand au\u00dfer Carolin hat Flo bisher gefragt, warum er die sch\u00f6nsten Sommernachmittage im Keller der verlassenen \u00d6lfabrik verbringt \u2026 Und als die beiden auf einer Bergwanderung pl\u00f6tzlich Hilferufe h\u00f6ren, ahnt Flo nicht, dass er Carolins Vertrauen auf eine harte Probe stellen wird.<\/p>\n<p>Eine packende Geschichte voller W\u00e4rme und Zuneigung zu Kindern, die anders sind.<\/p>\n","protected":false},"featured_media":866,"comment_status":"open","ping_status":"closed","template":"","meta":{"neve_meta_sidebar":"","neve_meta_container":"","neve_meta_enable_content_width":"off","neve_meta_content_width":70,"neve_meta_title_alignment":"","neve_meta_author_avatar":"","neve_post_elements_order":"","neve_meta_disable_header":"","neve_meta_disable_footer":"","neve_meta_disable_title":""},"product_brand":[],"product_cat":[35,41,43],"product_tag":[69,78,79,80],"class_list":{"0":"post-482","1":"product","2":"type-product","3":"status-publish","4":"has-post-thumbnail","6":"product_cat-abenteuer","7":"product_cat-kids","8":"product_cat-sachbuch","9":"product_tag-behinderung","10":"product_tag-anderssein","11":"product_tag-vielfalt","12":"product_tag-inklusion","14":"first","15":"instock","16":"shipping-taxable","17":"purchasable","18":"product-type-simple"},"jetpack_sharing_enabled":true,"_links":{"self":[{"href":"https:\/\/stachelbart-verlag.de\/index.php?rest_route=\/wp\/v2\/product\/482","targetHints":{"allow":["GET"]}}],"collection":[{"href":"https:\/\/stachelbart-verlag.de\/index.php?rest_route=\/wp\/v2\/product"}],"about":[{"href":"https:\/\/stachelbart-verlag.de\/index.php?rest_route=\/wp\/v2\/types\/product"}],"replies":[{"embeddable":true,"href":"https:\/\/stachelbart-verlag.de\/index.php?rest_route=%2Fwp%2Fv2%2Fcomments&post=482"}],"wp:featuredmedia":[{"embeddable":true,"href":"https:\/\/stachelbart-verlag.de\/index.php?rest_route=\/wp\/v2\/media\/866"}],"wp:attachment":[{"href":"https:\/\/stachelbart-verlag.de\/index.php?rest_route=%2Fwp%2Fv2%2Fmedia&parent=482"}],"wp:term":[{"taxonomy":"product_brand","embeddable":true,"href":"https:\/\/stachelbart-verlag.de\/index.php?rest_route=%2Fwp%2Fv2%2Fproduct_brand&post=482"},{"taxonomy":"product_cat","embeddable":true,"href":"https:\/\/stachelbart-verlag.de\/index.php?rest_route=%2Fwp%2Fv2%2Fproduct_cat&post=482"},{"taxonomy":"product_tag","embeddable":true,"href":"https:\/\/stachelbart-verlag.de\/index.php?rest_route=%2Fwp%2Fv2%2Fproduct_tag&post=482"}],"curies":[{"name":"wp","href":"https:\/\/api.w.org\/{rel}","templated":true}]}}