{"id":484,"date":"2021-08-02T10:53:45","date_gmt":"2021-08-02T08:53:45","guid":{"rendered":"https:\/\/stachelbart-verlag.de\/?post_type=product&#038;p=484"},"modified":"2022-11-16T12:03:30","modified_gmt":"2022-11-16T11:03:30","slug":"christoph-guesken-nashorn-reisst-aus","status":"publish","type":"product","link":"https:\/\/stachelbart-verlag.de\/?product=christoph-guesken-nashorn-reisst-aus","title":{"rendered":"Christoph G\u00fcsken: &#8222;Nashorn rei\u00dft aus&#8220;"},"content":{"rendered":"<p>F\u00fcr so viele Kuscheltiere ist kein Platz mehr im Bett, sagt Mama. Auch Papa findet, Farina m\u00fcsse\u00a0 aussortieren. Das Nashorn am Bettrand h\u00f6rt dies alles mit. Wird Farina es jetzt versto\u00dfen? Wird es sein weiteres Leben in einer Holzkiste auf dem Dachboden verbringen? Die anderen Stofftiere, der L\u00f6we zum Beispiel oder Luzia, die Katze, sind viel kuscheliger und sicher beliebter \u2026 Doch bevor das passiert, beschlie\u00dft das Nashorn dorthin zur\u00fcckzukehren, wo es hergekommen ist. Made in China steht auf dem Etikett, das sich an seinem Bein befindet. Aber wo ist China? F\u00fcr das Nashorn beginnt eine aufregende Reise.<\/p>\n<p>Eine Geschichte, die zeigt, dass es nicht vom Aussehen abh\u00e4ngt, ob man jemandem etwas bedeutet.<\/p>\n<p>64 Seiten, sw, Hardcover<\/p>\n","protected":false},"excerpt":{"rendered":"<p>F\u00fcr so viele Kuscheltiere ist kein Platz mehr im Bett, sagt Mama. Auch Papa findet, Farina m\u00fcsse\u00a0 aussortieren. Das Nashorn am Bettrand h\u00f6rt dies alles mit. Wird Farina es jetzt versto\u00dfen? Wird es sein weiteres Leben in einer Holzkiste auf dem Dachboden verbringen? Die anderen Stofftiere, der L\u00f6we zum Beispiel oder Luzia, die Katze, sind viel kuscheliger und sicher beliebter \u2026 Doch bevor das passiert, beschlie\u00dft das Nashorn dorthin zur\u00fcckzukehren, wo es hergekommen ist. Made in China steht auf dem Etikett, das sich an seinem Bein befindet. Aber wo ist China? F\u00fcr das Nashorn beginnt eine aufregende Reise.<\/p>\n<p>Eine Geschichte, die zeigt, dass es nicht vom Aussehen abh\u00e4ngt, ob man jemandem etwas bedeutet.<\/p>\n","protected":false},"featured_media":859,"comment_status":"open","ping_status":"closed","template":"","meta":{"neve_meta_sidebar":"","neve_meta_container":"","neve_meta_enable_content_width":"off","neve_meta_content_width":70,"neve_meta_title_alignment":"","neve_meta_author_avatar":"","neve_post_elements_order":"","neve_meta_disable_header":"","neve_meta_disable_footer":"","neve_meta_disable_title":""},"product_brand":[],"product_cat":[35,41,43],"product_tag":[],"class_list":{"0":"post-484","1":"product","2":"type-product","3":"status-publish","4":"has-post-thumbnail","6":"product_cat-abenteuer","7":"product_cat-kids","8":"product_cat-sachbuch","10":"first","11":"instock","12":"shipping-taxable","13":"purchasable","14":"product-type-simple"},"jetpack_sharing_enabled":true,"_links":{"self":[{"href":"https:\/\/stachelbart-verlag.de\/index.php?rest_route=\/wp\/v2\/product\/484","targetHints":{"allow":["GET"]}}],"collection":[{"href":"https:\/\/stachelbart-verlag.de\/index.php?rest_route=\/wp\/v2\/product"}],"about":[{"href":"https:\/\/stachelbart-verlag.de\/index.php?rest_route=\/wp\/v2\/types\/product"}],"replies":[{"embeddable":true,"href":"https:\/\/stachelbart-verlag.de\/index.php?rest_route=%2Fwp%2Fv2%2Fcomments&post=484"}],"wp:featuredmedia":[{"embeddable":true,"href":"https:\/\/stachelbart-verlag.de\/index.php?rest_route=\/wp\/v2\/media\/859"}],"wp:attachment":[{"href":"https:\/\/stachelbart-verlag.de\/index.php?rest_route=%2Fwp%2Fv2%2Fmedia&parent=484"}],"wp:term":[{"taxonomy":"product_brand","embeddable":true,"href":"https:\/\/stachelbart-verlag.de\/index.php?rest_route=%2Fwp%2Fv2%2Fproduct_brand&post=484"},{"taxonomy":"product_cat","embeddable":true,"href":"https:\/\/stachelbart-verlag.de\/index.php?rest_route=%2Fwp%2Fv2%2Fproduct_cat&post=484"},{"taxonomy":"product_tag","embeddable":true,"href":"https:\/\/stachelbart-verlag.de\/index.php?rest_route=%2Fwp%2Fv2%2Fproduct_tag&post=484"}],"curies":[{"name":"wp","href":"https:\/\/api.w.org\/{rel}","templated":true}]}}