{"id":486,"date":"2021-08-02T10:58:21","date_gmt":"2021-08-02T08:58:21","guid":{"rendered":"https:\/\/stachelbart-verlag.de\/?post_type=product&#038;p=486"},"modified":"2024-11-24T07:18:24","modified_gmt":"2024-11-24T06:18:24","slug":"verena-freund-im-rollstuhl-nach-florenz","status":"publish","type":"product","link":"https:\/\/stachelbart-verlag.de\/?product=verena-freund-im-rollstuhl-nach-florenz","title":{"rendered":"Verena Freund: &#8222;Im Rollstuhl nach Florenz&#8220;"},"content":{"rendered":"<p>F\u00fcr Sophie sind Bordsteinkanten wie Masern und Windpocken zusammen: einfach nur schrecklich. Die Dreizehnj\u00e4hrige sitzt im Rollstuhl, hat tagt\u00e4glich mit Hindernissen zu k\u00e4mpfen und ist viel zu oft auf Hilfe angewiesen.<\/p>\n<p>Schwierige Fragen besch\u00e4ftigen sie, die auch mit ihrem Anderssein zu tun haben. Auf manche wei\u00df keiner eine Antwort, nicht mal ihre beste Freundin Marieke. Da m\u00fcsste ein Genie helfen \u2013 jemand wie Leonardo da Vinci, von dem ihr Gro\u00dfvater so gern erz\u00e4hlt. Als Opa Karl, ein leidenschaftlicher T\u00fcftler und Bastler, vorschl\u00e4gt, dem genialen Maler und Erfinder im mittelalterlichen Florenz einen Besuch abzustatten, sind die Antworten auf Sophies Fragen pl\u00f6tzlich zum Greifen nah. Ihre Behinderung kann sie nicht daran hindern, ein gro\u00dfartiges Abenteuer zu erleben &#8230;<\/p>\n<p>128 Seiten, illustriert, Hardcover<\/p>\n","protected":false},"excerpt":{"rendered":"<p>F\u00fcr Sophie sind Bordsteinkanten wie Masern und Windpocken zusammen: einfach nur schrecklich. Die Dreizehnj\u00e4hrige sitzt im Rollstuhl, hat tagt\u00e4glich mit Hindernissen zu k\u00e4mpfen und ist viel zu oft auf Hilfe angewiesen.<\/p>\n<p>Schwierige Fragen besch\u00e4ftigen sie, die auch mit ihrem Anderssein zu tun haben. Auf manche wei\u00df keiner eine Antwort, nicht mal ihre beste Freundin Marieke. Da m\u00fcsste ein Genie helfen \u2013 jemand wie Leonardo da Vinci, von dem ihr Gro\u00dfvater so gern erz\u00e4hlt. Als Opa Karl, ein leidenschaftlicher T\u00fcftler und Bastler, vorschl\u00e4gt, dem genialen Maler und Erfinder im mittelalterlichen Florenz einen Besuch abzustatten, sind die Antworten auf Sophies Fragen pl\u00f6tzlich zum Greifen nah. Ihre Behinderung kann sie nicht daran hindern, ein gro\u00dfartiges Abenteuer zu erleben &#8230;<\/p>\n","protected":false},"featured_media":865,"comment_status":"open","ping_status":"closed","template":"","meta":{"neve_meta_sidebar":"","neve_meta_container":"","neve_meta_enable_content_width":"off","neve_meta_content_width":70,"neve_meta_title_alignment":"","neve_meta_author_avatar":"","neve_post_elements_order":"","neve_meta_disable_header":"","neve_meta_disable_footer":"","neve_meta_disable_title":""},"product_brand":[],"product_cat":[35,41,43],"product_tag":[69,78,79,80,85],"class_list":{"0":"post-486","1":"product","2":"type-product","3":"status-publish","4":"has-post-thumbnail","6":"product_cat-abenteuer","7":"product_cat-kids","8":"product_cat-sachbuch","9":"product_tag-behinderung","10":"product_tag-anderssein","11":"product_tag-vielfalt","12":"product_tag-inklusion","13":"product_tag-rollstuhl","15":"first","16":"instock","17":"shipping-taxable","18":"purchasable","19":"product-type-simple"},"jetpack_sharing_enabled":true,"_links":{"self":[{"href":"https:\/\/stachelbart-verlag.de\/index.php?rest_route=\/wp\/v2\/product\/486","targetHints":{"allow":["GET"]}}],"collection":[{"href":"https:\/\/stachelbart-verlag.de\/index.php?rest_route=\/wp\/v2\/product"}],"about":[{"href":"https:\/\/stachelbart-verlag.de\/index.php?rest_route=\/wp\/v2\/types\/product"}],"replies":[{"embeddable":true,"href":"https:\/\/stachelbart-verlag.de\/index.php?rest_route=%2Fwp%2Fv2%2Fcomments&post=486"}],"wp:featuredmedia":[{"embeddable":true,"href":"https:\/\/stachelbart-verlag.de\/index.php?rest_route=\/wp\/v2\/media\/865"}],"wp:attachment":[{"href":"https:\/\/stachelbart-verlag.de\/index.php?rest_route=%2Fwp%2Fv2%2Fmedia&parent=486"}],"wp:term":[{"taxonomy":"product_brand","embeddable":true,"href":"https:\/\/stachelbart-verlag.de\/index.php?rest_route=%2Fwp%2Fv2%2Fproduct_brand&post=486"},{"taxonomy":"product_cat","embeddable":true,"href":"https:\/\/stachelbart-verlag.de\/index.php?rest_route=%2Fwp%2Fv2%2Fproduct_cat&post=486"},{"taxonomy":"product_tag","embeddable":true,"href":"https:\/\/stachelbart-verlag.de\/index.php?rest_route=%2Fwp%2Fv2%2Fproduct_tag&post=486"}],"curies":[{"name":"wp","href":"https:\/\/api.w.org\/{rel}","templated":true}]}}