{"id":488,"date":"2021-08-02T11:07:22","date_gmt":"2021-08-02T09:07:22","guid":{"rendered":"https:\/\/stachelbart-verlag.de\/?post_type=product&#038;p=488"},"modified":"2022-02-22T17:34:53","modified_gmt":"2022-02-22T16:34:53","slug":"petra-hillebrand-glatzkopfzeit","status":"publish","type":"product","link":"https:\/\/stachelbart-verlag.de\/?product=petra-hillebrand-glatzkopfzeit","title":{"rendered":"Petra Hillebrand: &#8222;Glatzkopfzeit&#8220;"},"content":{"rendered":"<p>Die neunj\u00e4hrige Jana und ihr Banknachbar Kevin schenken sich nichts, weder beim Wettklettern auf dem Schulhof noch beim Schimpfw\u00f6rter-Dart. Dass sie manchmal blaue Flecken davontr\u00e4gt, macht Jana nichts aus \u2013 bis die blauen Flecken immer zahlreicher werden und Jana pl\u00f6tzlich unstillbares Nasenbluten bekommt. Sie muss in die Klinik, wo ihre Krankheit durch eine Chemotherapie behandelt werden soll.<\/p>\n<p>In der Klinik lernt sie Sophie und Max kennen, zwei Kinder mit der gleichen Krankheit. Gemeinsam gr\u00fcnden sie die Glatzkopf-Piratenbande und sorgen daf\u00fcr, dass es auf der Station nicht langweilig wird. Auch Janas Schulklasse h\u00e4lt Kontakt zu ihr. Vor allem Kevin, der dabei \u00e4u\u00dferst kreativ vorgeht, verbl\u00fcfft sie mehr und mehr &#8230;<\/p>\n<p>104 Seiten, illustriert, Hardcover<\/p>\n","protected":false},"excerpt":{"rendered":"<p>&#8230; warum man Freunde nicht gleich auf den ersten Blick erkennt &#8211; f\u00fcr Kinder ab 8 Jahren<\/p>\n","protected":false},"featured_media":860,"comment_status":"open","ping_status":"closed","template":"","meta":{"neve_meta_sidebar":"","neve_meta_container":"","neve_meta_enable_content_width":"off","neve_meta_content_width":70,"neve_meta_title_alignment":"","neve_meta_author_avatar":"","neve_post_elements_order":"","neve_meta_disable_header":"","neve_meta_disable_footer":"","neve_meta_disable_title":""},"product_brand":[],"product_cat":[35,41,43],"product_tag":[69,78,80,82],"class_list":{"0":"post-488","1":"product","2":"type-product","3":"status-publish","4":"has-post-thumbnail","6":"product_cat-abenteuer","7":"product_cat-kids","8":"product_cat-sachbuch","9":"product_tag-behinderung","10":"product_tag-anderssein","11":"product_tag-inklusion","12":"product_tag-krebs","14":"first","15":"instock","16":"shipping-taxable","17":"purchasable","18":"product-type-simple"},"jetpack_sharing_enabled":true,"_links":{"self":[{"href":"https:\/\/stachelbart-verlag.de\/index.php?rest_route=\/wp\/v2\/product\/488","targetHints":{"allow":["GET"]}}],"collection":[{"href":"https:\/\/stachelbart-verlag.de\/index.php?rest_route=\/wp\/v2\/product"}],"about":[{"href":"https:\/\/stachelbart-verlag.de\/index.php?rest_route=\/wp\/v2\/types\/product"}],"replies":[{"embeddable":true,"href":"https:\/\/stachelbart-verlag.de\/index.php?rest_route=%2Fwp%2Fv2%2Fcomments&post=488"}],"wp:featuredmedia":[{"embeddable":true,"href":"https:\/\/stachelbart-verlag.de\/index.php?rest_route=\/wp\/v2\/media\/860"}],"wp:attachment":[{"href":"https:\/\/stachelbart-verlag.de\/index.php?rest_route=%2Fwp%2Fv2%2Fmedia&parent=488"}],"wp:term":[{"taxonomy":"product_brand","embeddable":true,"href":"https:\/\/stachelbart-verlag.de\/index.php?rest_route=%2Fwp%2Fv2%2Fproduct_brand&post=488"},{"taxonomy":"product_cat","embeddable":true,"href":"https:\/\/stachelbart-verlag.de\/index.php?rest_route=%2Fwp%2Fv2%2Fproduct_cat&post=488"},{"taxonomy":"product_tag","embeddable":true,"href":"https:\/\/stachelbart-verlag.de\/index.php?rest_route=%2Fwp%2Fv2%2Fproduct_tag&post=488"}],"curies":[{"name":"wp","href":"https:\/\/api.w.org\/{rel}","templated":true}]}}