{"id":492,"date":"2021-08-02T19:46:51","date_gmt":"2021-08-02T17:46:51","guid":{"rendered":"https:\/\/stachelbart-verlag.de\/?post_type=product&#038;p=492"},"modified":"2021-09-30T10:22:36","modified_gmt":"2021-09-30T08:22:36","slug":"ed-society-hrsg-holm-schneider-uebers-jeder-ist-anders","status":"publish","type":"product","link":"https:\/\/stachelbart-verlag.de\/?product=ed-society-hrsg-holm-schneider-uebers-jeder-ist-anders","title":{"rendered":"ED Society: &#8222;Jeder ist anders&#8220;\u00a0"},"content":{"rendered":"<p>Warum selbst Geschwister sich manchmal gar nicht \u00e4hneln und was unsere Gene damit zu tun haben &#8230;<\/p>\n<p>Im Urteil, zu dem die Jury der &#8222;Communique Awards&#8220; 2019 gelangte, steht unter anderem: &#8222;Jeder ist anders war ein todsicherer Gewinner! Das Buch ist inklusiv, benutzerfreundlich und mit gro\u00dfem Einf\u00fchlungsverm\u00f6gen geschrieben \u2026 Die Illustrationen sind ansprechend und unterst\u00fctzen das Erz\u00e4hlen der Geschichte, und &#8211; noch wichtiger &#8211; die Fakten stimmen. Es ist leicht vorstellbar, dass dieses Buch einen Platz als Lehrmittel an Schulen oder bei Eltern findet. Einfache, aber lebendige Erkl\u00e4rungen werden das Verst\u00e4ndnis und die Empathie in Schulklassen erh\u00f6hen und das Schikanieren m\u00f6glicherweise abbauen.&#8220;<\/p>\n<p>16 Seiten, Brosch\u00fcre, 1. Aufl. 2020<\/p>\n","protected":false},"excerpt":{"rendered":"<p>Warum selbst Geschwister sich manchmal gar nicht \u00e4hneln und was unsere Gene damit zu tun haben &#8230;<\/p>\n","protected":false},"featured_media":500,"comment_status":"open","ping_status":"closed","template":"","meta":{"neve_meta_sidebar":"","neve_meta_container":"","neve_meta_enable_content_width":"off","neve_meta_content_width":70,"neve_meta_title_alignment":"","neve_meta_author_avatar":"","neve_post_elements_order":"","neve_meta_disable_header":"","neve_meta_disable_footer":"","neve_meta_disable_title":""},"product_brand":[],"product_cat":[41,43],"product_tag":[69,78,79,80],"class_list":{"0":"post-492","1":"product","2":"type-product","3":"status-publish","4":"has-post-thumbnail","6":"product_cat-kids","7":"product_cat-sachbuch","8":"product_tag-behinderung","9":"product_tag-anderssein","10":"product_tag-vielfalt","11":"product_tag-inklusion","13":"first","14":"instock","15":"shipping-taxable","16":"purchasable","17":"product-type-simple"},"jetpack_sharing_enabled":true,"_links":{"self":[{"href":"https:\/\/stachelbart-verlag.de\/index.php?rest_route=\/wp\/v2\/product\/492","targetHints":{"allow":["GET"]}}],"collection":[{"href":"https:\/\/stachelbart-verlag.de\/index.php?rest_route=\/wp\/v2\/product"}],"about":[{"href":"https:\/\/stachelbart-verlag.de\/index.php?rest_route=\/wp\/v2\/types\/product"}],"replies":[{"embeddable":true,"href":"https:\/\/stachelbart-verlag.de\/index.php?rest_route=%2Fwp%2Fv2%2Fcomments&post=492"}],"wp:featuredmedia":[{"embeddable":true,"href":"https:\/\/stachelbart-verlag.de\/index.php?rest_route=\/wp\/v2\/media\/500"}],"wp:attachment":[{"href":"https:\/\/stachelbart-verlag.de\/index.php?rest_route=%2Fwp%2Fv2%2Fmedia&parent=492"}],"wp:term":[{"taxonomy":"product_brand","embeddable":true,"href":"https:\/\/stachelbart-verlag.de\/index.php?rest_route=%2Fwp%2Fv2%2Fproduct_brand&post=492"},{"taxonomy":"product_cat","embeddable":true,"href":"https:\/\/stachelbart-verlag.de\/index.php?rest_route=%2Fwp%2Fv2%2Fproduct_cat&post=492"},{"taxonomy":"product_tag","embeddable":true,"href":"https:\/\/stachelbart-verlag.de\/index.php?rest_route=%2Fwp%2Fv2%2Fproduct_tag&post=492"}],"curies":[{"name":"wp","href":"https:\/\/api.w.org\/{rel}","templated":true}]}}